{"id":459,"date":"2021-01-19T07:53:33","date_gmt":"2021-01-19T07:53:33","guid":{"rendered":"https:\/\/silfotball.no\/sportsplan\/?page_id=459"},"modified":"2021-03-08T06:41:00","modified_gmt":"2021-03-08T06:41:00","slug":"innholdsfortegnelse","status":"publish","type":"page","link":"https:\/\/silfotball.no\/sportsplan\/innholdsfortegnelse\/","title":{"rendered":"Innholdsfortegnelse"},"content":{"rendered":"\t\t<div data-elementor-type=\"wp-page\" data-elementor-id=\"459\" class=\"elementor elementor-459\" data-elementor-settings=\"{&quot;profecient_custom_cursor_toggle&quot;:false}\">\n\t\t\t\t\t\t<section class=\"elementor-section elementor-top-section elementor-element elementor-element-a4f2c5f elementor-section-boxed elementor-section-height-default elementor-section-height-default\" data-id=\"a4f2c5f\" data-element_type=\"section\" data-e-type=\"section\" data-settings=\"{&quot;profecient_background_motion_effects_toggle&quot;:0,&quot;profecient_custom_cursor_toggle&quot;:false,&quot;profecient_parallax_effects_toggle&quot;:0,&quot;profecient_mouse_effects_toggle&quot;:0}\">\n\t\t\t\t\t\t<div class=\"elementor-container elementor-column-gap-default\">\n\t\t\t\t\t<div class=\"elementor-column elementor-col-50 elementor-top-column elementor-element elementor-element-d16c7d5\" data-id=\"d16c7d5\" data-element_type=\"column\" data-e-type=\"column\" data-settings=\"{&quot;profecient_background_motion_effects_toggle&quot;:0,&quot;profecient_custom_cursor_toggle&quot;:false,&quot;profecient_parallax_effects_toggle&quot;:0,&quot;profecient_mouse_effects_toggle&quot;:0}\">\n\t\t\t<div class=\"elementor-widget-wrap elementor-element-populated\">\n\t\t\t\t\t\t<div class=\"elementor-element elementor-element-22b0b45 elementor-widget elementor-widget-text-editor\" data-id=\"22b0b45\" data-element_type=\"widget\" data-e-type=\"widget\" data-settings=\"{&quot;profecient_custom_cursor_toggle&quot;:false,&quot;profecient_parallax_effects_toggle&quot;:0,&quot;profecient_mouse_effects_toggle&quot;:0}\" data-widget_type=\"text-editor.default\">\n\t\t\t\t<div class=\"elementor-widget-container\">\n\t\t\t\t\t\t\t\t\t<p><strong><a href=\"https:\/\/silfotball.no\/sportsplan\/innledning\/\">INNLEDNING<\/a><\/strong><\/p><p><strong><a href=\"https:\/\/silfotball.no\/sportsplan\/overordnet-for-klubben\/\">OVERORNDET FOR KLUBBEN<\/a><\/strong><\/p><ul><li style=\"list-style-type: none;\"><ul><li><a href=\"https:\/\/silfotball.no\/sportsplan\/overordnet-for-klubben\/#_klubben001\">Form\u00e5l\u00a0<\/a><\/li><li><a href=\"https:\/\/silfotball.no\/sportsplan\/overordnet-for-klubben\/#_klubben002\">Visjon<\/a><\/li><li><a href=\"https:\/\/silfotball.no\/sportsplan\/overordnet-for-klubben\/#_klubben003\">Verdigrunnlag<\/a><ul><li><a href=\"https:\/\/silfotball.no\/sportsplan\/overordnet-for-klubben\/#_klubben003_01\">Verdisett<\/a><\/li><li><a href=\"https:\/\/silfotball.no\/sportsplan\/overordnet-for-klubben\/#_klubben003_02\">Fair Play<\/a><\/li><\/ul><\/li><li><a href=\"https:\/\/silfotball.no\/sportsplan\/overordnet-for-klubben\/#_klubben004\">Sportslige hovedm\u00e5l<\/a><\/li><li><a href=\"https:\/\/silfotball.no\/sportsplan\/overordnet-for-klubben\/#_klubben005\">Klubbroller &#8211; Sport\u00a0<\/a><\/li><li><a href=\"https:\/\/silfotball.no\/sportsplan\/overordnet-for-klubben\/#_klubben006\">Roller p\u00e5 lagene<\/a><ul><li><a href=\"https:\/\/silfotball.no\/sportsplan\/overordnet-for-klubben\/#_klubben006_01\">Spiller<\/a><\/li><li><a href=\"https:\/\/silfotball.no\/sportsplan\/overordnet-for-klubben\/#_klubben006_02\">Forelder\/foresatt<\/a><\/li><\/ul><\/li><li><a href=\"https:\/\/silfotball.no\/sportsplan\/overordnet-for-klubben\/#_klubben007\">Politiattest\u00a0<\/a><\/li><li><a href=\"https:\/\/silfotball.no\/sportsplan\/overordnet-for-klubben\/#_klubben008\">Ansvarlig for sportsplanen<\/a><\/li><li><a href=\"https:\/\/silfotball.no\/sportsplan\/overordnet-for-klubben\/#_klubben009\">Rutiner ved avvik fra sportsplanen<\/a><\/li><\/ul><\/li><\/ul><p><a href=\"https:\/\/silfotball.no\/sportsplan\/retningslinjer-for-var-fotballaktivitet-forklaring-av-viktige-begreper-prinsipper-og-modeller\/\"><strong>RETNINGSLINJER FOR V\u00c5R FOTBALLAKTIVITET. FORKLARING AV VIKTIGE BEGREPER, PRINSIPPER OG MODELLER<\/strong><\/a><\/p><ul><li style=\"list-style-type: none;\"><ul><li><a href=\"https:\/\/silfotball.no\/sportsplan\/retningslinjer-for-var-fotballaktivitet-forklaring-av-viktige-begreper-prinsipper-og-modeller\/#_begrep001\">Relasjonskompetanse og Relasjonsledelse\u00a0<\/a><\/li><li><a href=\"https:\/\/silfotball.no\/sportsplan\/retningslinjer-for-var-fotballaktivitet-forklaring-av-viktige-begreper-prinsipper-og-modeller\/#_begrep002\">Arenamodellen<\/a><\/li><li><a href=\"https:\/\/silfotball.no\/sportsplan\/retningslinjer-for-var-fotballaktivitet-forklaring-av-viktige-begreper-prinsipper-og-modeller\/#_begrep003\">Barne- og ungdomsformelen\u00a0<\/a><\/li><li><a href=\"https:\/\/silfotball.no\/sportsplan\/retningslinjer-for-var-fotballaktivitet-forklaring-av-viktige-begreper-prinsipper-og-modeller\/#_begrep004\">Flytsonemodellen<\/a><\/li><li><a href=\"https:\/\/silfotball.no\/sportsplan\/retningslinjer-for-var-fotballaktivitet-forklaring-av-viktige-begreper-prinsipper-og-modeller\/#_begrep005\">Den gode \u00f8kta<\/a><\/li><li><a href=\"https:\/\/silfotball.no\/sportsplan\/retningslinjer-for-var-fotballaktivitet-forklaring-av-viktige-begreper-prinsipper-og-modeller\/#_begrep006\">Aktivitetsprinsippet<\/a><\/li><li><a href=\"https:\/\/silfotball.no\/sportsplan\/retningslinjer-for-var-fotballaktivitet-forklaring-av-viktige-begreper-prinsipper-og-modeller\/#_begrep007\">Spesifisitetsprinsippet<\/a><\/li><li><a href=\"https:\/\/silfotball.no\/sportsplan\/retningslinjer-for-var-fotballaktivitet-forklaring-av-viktige-begreper-prinsipper-og-modeller\/#_begrep008\">Differensiering<\/a><ul><li><a href=\"https:\/\/silfotball.no\/sportsplan\/retningslinjer-for-var-fotballaktivitet-forklaring-av-viktige-begreper-prinsipper-og-modeller\/#_begrep008_01\">Differensiering i trenings\u00f8kta<\/a><\/li><li><a href=\"https:\/\/silfotball.no\/sportsplan\/retningslinjer-for-var-fotballaktivitet-forklaring-av-viktige-begreper-prinsipper-og-modeller\/#_begrep008_02\">Differensiering i kampen<\/a><\/li><\/ul><\/li><li><a href=\"https:\/\/silfotball.no\/sportsplan\/retningslinjer-for-var-fotballaktivitet-forklaring-av-viktige-begreper-prinsipper-og-modeller\/#_begrep009\">Jevnbyrdighet<\/a><\/li><li><a href=\"https:\/\/silfotball.no\/sportsplan\/retningslinjer-for-var-fotballaktivitet-forklaring-av-viktige-begreper-prinsipper-og-modeller\/#_begrep010\">Hospitering<\/a><ul><li><a href=\"https:\/\/silfotball.no\/sportsplan\/retningslinjer-for-var-fotballaktivitet-forklaring-av-viktige-begreper-prinsipper-og-modeller\/#_begrep010_01\">Hospiteringsregler<\/a><\/li><\/ul><\/li><li><a href=\"https:\/\/silfotball.no\/sportsplan\/retningslinjer-for-var-fotballaktivitet-forklaring-av-viktige-begreper-prinsipper-og-modeller\/#_begrep011\">Coaching &#8211; Pedagogisk tiln\u00e6rming<\/a><\/li><li><a href=\"https:\/\/silfotball.no\/sportsplan\/retningslinjer-for-var-fotballaktivitet-forklaring-av-viktige-begreper-prinsipper-og-modeller\/#_begrep012\">Prinsippet om gjenkjenning og variasjon<\/a><\/li><li><a href=\"https:\/\/silfotball.no\/sportsplan\/retningslinjer-for-var-fotballaktivitet-forklaring-av-viktige-begreper-prinsipper-og-modeller\/#_begrep013\">Seleksjon og topping av lag<\/a><\/li><li><a href=\"https:\/\/silfotball.no\/sportsplan\/retningslinjer-for-var-fotballaktivitet-forklaring-av-viktige-begreper-prinsipper-og-modeller\/#_begrep014\">Allsidighet i barneidretten<\/a><\/li><li><a href=\"https:\/\/silfotball.no\/sportsplan\/retningslinjer-for-var-fotballaktivitet-forklaring-av-viktige-begreper-prinsipper-og-modeller\/#_begrep015\">Hva er fotballferdighet?<\/a><\/li><li><a href=\"https:\/\/silfotball.no\/sportsplan\/retningslinjer-for-var-fotballaktivitet-forklaring-av-viktige-begreper-prinsipper-og-modeller\/#_begrep016\">Spilleprinsippmodellen<\/a><\/li><li><a href=\"https:\/\/silfotball.no\/sportsplan\/retningslinjer-for-var-fotballaktivitet-forklaring-av-viktige-begreper-prinsipper-og-modeller\/#_begrep017\">Treningsbelastning, tretthet og restitusjon<\/a><\/li><\/ul><\/li><\/ul>\t\t\t\t\t\t\t\t<\/div>\n\t\t\t\t<\/div>\n\t\t\t\t\t<\/div>\n\t\t<\/div>\n\t\t\t\t<div class=\"elementor-column elementor-col-50 elementor-top-column elementor-element elementor-element-dc2c869\" data-id=\"dc2c869\" data-element_type=\"column\" data-e-type=\"column\" data-settings=\"{&quot;profecient_background_motion_effects_toggle&quot;:0,&quot;profecient_custom_cursor_toggle&quot;:false,&quot;profecient_parallax_effects_toggle&quot;:0,&quot;profecient_mouse_effects_toggle&quot;:0}\">\n\t\t\t<div class=\"elementor-widget-wrap elementor-element-populated\">\n\t\t\t\t\t\t<div class=\"elementor-element elementor-element-36b0dff elementor-widget elementor-widget-text-editor\" data-id=\"36b0dff\" data-element_type=\"widget\" data-e-type=\"widget\" data-settings=\"{&quot;profecient_custom_cursor_toggle&quot;:false,&quot;profecient_parallax_effects_toggle&quot;:0,&quot;profecient_mouse_effects_toggle&quot;:0}\" data-widget_type=\"text-editor.default\">\n\t\t\t\t<div class=\"elementor-widget-container\">\n\t\t\t\t\t\t\t\t\t<p><strong><a href=\"https:\/\/silfotball.no\/sportsplan\/6-7-arsklassene\">6-7 \u00c5RSKLASSENE<\/a><\/strong><\/p><p><strong><a href=\"https:\/\/silfotball.no\/sportsplan\/8-9-arsklassene\">8-9 \u00c5RSKLASSENE<\/a><\/strong><\/p><p><strong><a href=\"https:\/\/silfotball.no\/sportsplan\/10-11-arsklassene\">10-11 \u00c5RSKLASSENE<\/a><\/strong><\/p><p><strong><a href=\"https:\/\/silfotball.no\/sportsplan\/12-arsklassen\">12-\u00c5RSKLASSEN<\/a><\/strong><\/p><p><strong><a href=\"https:\/\/silfotball.no\/sportsplan\/overgangen-fra-barne-til-ungdomsfotballen\">OVERGANGEN FRA BARNE- TIL UNGDOMSFOTBALLEN<\/a><\/strong><\/p><ul><li style=\"list-style-type: none;\"><ul><li><a href=\"https:\/\/silfotball.no\/sportsplan\/overgangen-fra-barne-til-ungdomsfotballen\/#_barn001\">Generelt<\/a><\/li><li><a href=\"https:\/\/silfotball.no\/sportsplan\/overgangen-fra-barne-til-ungdomsfotballen\/#_barn002\">M\u00f8te med spillere og foresatte<\/a><ul><li><a href=\"https:\/\/silfotball.no\/sportsplan\/overgangen-fra-barne-til-ungdomsfotballen\/#_barn002_01\">Organisering og lagsammensetning<\/a><\/li><li><a href=\"https:\/\/silfotball.no\/sportsplan\/overgangen-fra-barne-til-ungdomsfotballen\/#_barn002_02\">Differensiering<\/a><\/li><li><a href=\"https:\/\/silfotball.no\/sportsplan\/overgangen-fra-barne-til-ungdomsfotballen\/#_barn002_03\">Hospitering<\/a><\/li><li><a href=\"https:\/\/silfotball.no\/sportsplan\/overgangen-fra-barne-til-ungdomsfotballen\/#_barn002_04\">\u00d8kte krav og forventninger til spillere<\/a><\/li><li><a href=\"https:\/\/silfotball.no\/sportsplan\/overgangen-fra-barne-til-ungdomsfotballen\/#_barn002_05\">Landslagsskolen &#8211; Uttak til Sonesamlinger<\/a><\/li><li><a href=\"https:\/\/silfotball.no\/sportsplan\/overgangen-fra-barne-til-ungdomsfotballen\/#_barn002_06\">Talentsamlinger<\/a><\/li><li><a href=\"https:\/\/silfotball.no\/sportsplan\/overgangen-fra-barne-til-ungdomsfotballen\/#_barn002_07\">Forhindre frafall<\/a><\/li><\/ul><\/li><\/ul><\/li><\/ul><p><strong><a href=\"https:\/\/silfotball.no\/sportsplan\/13-arsklassen\">13-\u00c5RSKLASSEN<\/a><\/strong><\/p><p><strong><a href=\"https:\/\/silfotball.no\/sportsplan\/14-arsklassen\">14-\u00c5RSKLASSEN<\/a><\/strong><\/p><p><strong><a href=\"https:\/\/silfotball.no\/sportsplan\/15-16-arsklassene\">15-16 \u00c5RSKLASSENE<\/a><\/strong><\/p><p><strong><a href=\"https:\/\/silfotball.no\/sportsplan\/17-19-arsklassene\">17-19 \u00c5RSKLASSENE<\/a><\/strong><\/p><p><strong><a href=\"https:\/\/silfotball.no\/sportsplan\/seniorfotball\">SENIORFOTBALL<\/a><\/strong><\/p><p><strong><a href=\"https:\/\/silfotball.no\/sportsplan\/tilrettelag-fotball\">TILRETTELAGT FOTBALL<\/a><\/strong><\/p><p><strong><a href=\"https:\/\/silfotball.no\/sportsplan\/dommerutvikling\">DOMMERUTVIKLING<\/a><\/strong><\/p><p><a href=\"https:\/\/silfotball.no\/sportsplan\/oppbygning-av-okta-6-11-ar-ovelsesutvalg\"><strong>OPPBYGNING AV \u00d8KTA 6-11 \u00c5R &#8211; \u00d8VELSESUTVALG<\/strong><\/a><\/p><p><a href=\"https:\/\/silfotball.no\/sportsplan\/oppbygning-av-okta-12-ar-og-oppover-ovelsesutvalg\"><strong>OPPBYGNING AV \u00d8KTA 12 \u00c5R OG OPPOVER &#8211; \u00d8VELSESUTVALG<\/strong><\/a><\/p><p><a href=\"https:\/\/silfotball.no\/sportsplan\/nasjonale-retningslinjer\"><strong>NASJONALE RETNINGSLINJER<\/strong><\/a><\/p><ul><li><a href=\"https:\/\/silfotball.no\/sportsplan\/nasjonale-retningslinjer\/#_nasj001\">Mestring, tilrettelegging og differensiering<\/a><\/li><li><a href=\"https:\/\/silfotball.no\/sportsplan\/nasjonale-retningslinjer\/#_nasj002\">Treningsmengde og ekstratilbud<\/a><\/li><li><a href=\"https:\/\/silfotball.no\/sportsplan\/nasjonale-retningslinjer\/#_nasj003\">Hospitering<\/a><\/li><li><a href=\"https:\/\/silfotball.no\/sportsplan\/nasjonale-retningslinjer\/#_nasj004\">Inndeling av lag og jevnbyrdighet<\/a><\/li><\/ul><p><strong><a href=\"https:\/\/silfotball.no\/sportsplan\/vedlegg\">VEDLEGG OG LINKER<\/a><\/strong><\/p><p><a href=\"https:\/\/silfotball.no\/sportsplan\/kontakt\"><strong>KONTAKT OSS<\/strong><\/a><\/p>\t\t\t\t\t\t\t\t<\/div>\n\t\t\t\t<\/div>\n\t\t\t\t\t<\/div>\n\t\t<\/div>\n\t\t\t\t\t<\/div>\n\t\t<\/section>\n\t\t\t\t<\/div>\n\t\t","protected":false},"excerpt":{"rendered":"<p>INNLEDNING OVERORNDET FOR KLUBBEN Form\u00e5l\u00a0 Visjon Verdigrunnlag Verdisett Fair Play Sportslige hovedm\u00e5l Klubbroller &#8211; Sport\u00a0 Roller p\u00e5 lagene Spiller Forelder\/foresatt Politiattest\u00a0 Ansvarlig for sportsplanen Rutiner ved avvik fra sportsplanen RETNINGSLINJER FOR V\u00c5R FOTBALLAKTIVITET. FORKLARING AV VIKTIGE BEGREPER, PRINSIPPER OG MODELLER Relasjonskompetanse og Relasjonsledelse\u00a0 Arenamodellen Barne- og ungdomsformelen\u00a0 Flytsonemodellen Den gode \u00f8kta Aktivitetsprinsippet Spesifisitetsprinsippet Differensiering Differensiering [&hellip;]<\/p>\n","protected":false},"author":1,"featured_media":0,"parent":0,"menu_order":0,"comment_status":"closed","ping_status":"closed","template":"","meta":{"footnotes":""},"class_list":["post-459","page","type-page","status-publish","hentry"],"_links":{"self":[{"href":"https:\/\/silfotball.no\/sportsplan\/wp-json\/wp\/v2\/pages\/459","targetHints":{"allow":["GET"]}}],"collection":[{"href":"https:\/\/silfotball.no\/sportsplan\/wp-json\/wp\/v2\/pages"}],"about":[{"href":"https:\/\/silfotball.no\/sportsplan\/wp-json\/wp\/v2\/types\/page"}],"author":[{"embeddable":true,"href":"https:\/\/silfotball.no\/sportsplan\/wp-json\/wp\/v2\/users\/1"}],"replies":[{"embeddable":true,"href":"https:\/\/silfotball.no\/sportsplan\/wp-json\/wp\/v2\/comments?post=459"}],"version-history":[{"count":77,"href":"https:\/\/silfotball.no\/sportsplan\/wp-json\/wp\/v2\/pages\/459\/revisions"}],"predecessor-version":[{"id":3169,"href":"https:\/\/silfotball.no\/sportsplan\/wp-json\/wp\/v2\/pages\/459\/revisions\/3169"}],"wp:attachment":[{"href":"https:\/\/silfotball.no\/sportsplan\/wp-json\/wp\/v2\/media?parent=459"}],"curies":[{"name":"wp","href":"https:\/\/api.w.org\/{rel}","templated":true}]}}