{"id":275,"date":"2020-12-29T17:53:42","date_gmt":"2020-12-29T17:53:42","guid":{"rendered":"https:\/\/silfotball.no\/sportsplan\/?page_id=275"},"modified":"2021-03-08T12:31:18","modified_gmt":"2021-03-08T12:31:18","slug":"innledning","status":"publish","type":"page","link":"https:\/\/silfotball.no\/sportsplan\/innledning\/","title":{"rendered":"Innledning"},"content":{"rendered":"\t\t<div data-elementor-type=\"wp-page\" data-elementor-id=\"275\" class=\"elementor elementor-275\" data-elementor-settings=\"{&quot;profecient_custom_cursor_toggle&quot;:false}\">\n\t\t\t\t\t\t<section class=\"elementor-section elementor-top-section elementor-element elementor-element-c8c5f44 elementor-section-boxed elementor-section-height-default elementor-section-height-default\" data-id=\"c8c5f44\" data-element_type=\"section\" data-e-type=\"section\" data-settings=\"{&quot;profecient_background_motion_effects_toggle&quot;:0,&quot;profecient_custom_cursor_toggle&quot;:false,&quot;profecient_parallax_effects_toggle&quot;:0,&quot;profecient_mouse_effects_toggle&quot;:0}\">\n\t\t\t\t\t\t<div class=\"elementor-container elementor-column-gap-default\">\n\t\t\t\t\t<div class=\"elementor-column elementor-col-100 elementor-top-column elementor-element elementor-element-8406005\" data-id=\"8406005\" data-element_type=\"column\" data-e-type=\"column\" data-settings=\"{&quot;profecient_background_motion_effects_toggle&quot;:0,&quot;profecient_custom_cursor_toggle&quot;:false,&quot;profecient_parallax_effects_toggle&quot;:0,&quot;profecient_mouse_effects_toggle&quot;:0}\">\n\t\t\t<div class=\"elementor-widget-wrap elementor-element-populated\">\n\t\t\t\t\t\t<div class=\"elementor-element elementor-element-8996758 elementor-widget elementor-widget-text-editor\" data-id=\"8996758\" data-element_type=\"widget\" data-e-type=\"widget\" data-settings=\"{&quot;profecient_custom_cursor_toggle&quot;:false,&quot;profecient_parallax_effects_toggle&quot;:0,&quot;profecient_mouse_effects_toggle&quot;:0}\" data-widget_type=\"text-editor.default\">\n\t\t\t\t<div class=\"elementor-widget-container\">\n\t\t\t\t\t\t\t\t\t<h1>Innledning<\/h1><p>Sportsplanen er klubbens styringsverkt\u00f8y for aktiviteten p\u00e5 feltet. Med utgangspunkt i klubbens form\u00e5l, verdier og m\u00e5lsettinger legger sportsplanen grunnlaget for \u201dFlest mulig \u2013 lengst mulig \u2013 best mulig\u201d i et trygt og utviklende milj\u00f8 for alle. Her beskrives retningslinjer for aktiviteten p\u00e5 feltet, arbeidsoppgavene til den enkelte rundt laget\/gruppa og sentrale n\u00f8kkelroller i klubben. Sportsplanen er rett og slett det viktigste redskapet for den sportslige aktiviteten i klubben. Den skal s\u00f8rge for en gul og bl\u00e5 tr\u00e5d fra liten til stor og at\u00a0 \u201dKlubben er sjef\u201d.\u00a0<\/p><p>Sportsplanen er bygd opp med ulike bolker p\u00e5 forsiden. I bolken <strong>&laquo;Overordnet for klubben&raquo;<\/strong> fremkommer klubbens form\u00e5l, verdigrunnlag og m\u00e5lsetninger. Her beskrives de ulike klubbrollene rundt den sportslige aktivitetene. Rollene i st\u00f8tteapparatet p\u00e5 hvert lag\/gruppe og forventninger til spillere og foreldre\/foresatte beskrives ogs\u00e5 i denne bolken.\u00a0<\/p><p>I den neste bolken, <strong>&laquo;Retningslinjer for v\u00e5r fotballaktivitet&raquo;<\/strong>, finner man de overordnede retningslinjer, begreper, prinsipper, modeller og definisjoner som gjelder for v\u00e5r fotballaktivitet. Alle ledere og trenere m\u00e5 lese og sette seg inn denne bolken!\u00a0<span style=\"font-family: var( --e-global-typography-text-font-family ), Sans-serif; font-weight: var( --e-global-typography-text-font-weight );\">Retningslinjer for v\u00e5r fotballaktivitet har sin bakgrunn i regler og retningslinjer fra NFF og NIF. SIL Fotball st\u00f8tter og forholder seg til bestemmelsene vedtatt av norsk idrett. Dette gjelder NFFs visjon &laquo;Fotball for alle \u2013 Glede, dr\u00f8mmer og fellesskap&raquo;, <\/span><a style=\"font-family: var( --e-global-typography-text-font-family ), Sans-serif; font-weight: var( --e-global-typography-text-font-weight );\" href=\"https:\/\/lovdata.no\/dokument\/NFFF\/nfffor\/2014-03-09-3\">NFFs Breddereglement,<\/a><span style=\"font-family: var( --e-global-typography-text-font-family ), Sans-serif; font-weight: var( --e-global-typography-text-font-weight );\">\u00a0idrettens barnerettigheter og bestemmelser (<\/span><a style=\"font-family: var( --e-global-typography-text-font-family ), Sans-serif; font-weight: var( --e-global-typography-text-font-weight );\" href=\"https:\/\/www.fotball.no\/barn-og-ungdom\/verdier-og-virkemidler\/idrettens-barnerettigheter-og-bestemmelser3\/idrettens-barnerettigheter-og-bestemmelser\/\">Barneidrettsbestemmelsene<\/a><span style=\"font-family: var( --e-global-typography-text-font-family ), Sans-serif; font-weight: var( --e-global-typography-text-font-weight );\">). Bolken <\/span><strong style=\"font-family: var( --e-global-typography-text-font-family ), Sans-serif;\">&laquo;Nasjonale retningslinjer&raquo;\u00a0<\/strong><span style=\"font-family: var( --e-global-typography-text-font-family ), Sans-serif; font-weight: var( --e-global-typography-text-font-weight );\">viser NFFs retningslinjer for\u00a0<\/span><span style=\"font-family: var( --e-global-typography-text-font-family ), Sans-serif; font-weight: var( --e-global-typography-text-font-weight );\">noen av disse\u00a0<\/span><span style=\"font-family: var( --e-global-typography-text-font-family ), Sans-serif; font-weight: var( --e-global-typography-text-font-weight );\">viktige begrepene og prinsippene.<\/span><\/p><p>De neste bolkene er bygd opp med\u00a0<strong>alderssegmenter<\/strong>, fra &laquo;6-7 \u00e5r&raquo; og til &laquo;Senior&raquo;. I tillegg er det egne bolker for &laquo;Tilrettelagt fotball&raquo; og for &laquo;Dommerutvikling&raquo;. Under hver av alderssegmentene finner man den viktigste informasjonen som er relevant for sitt lag\/sin gruppe. Herunder blant annet generell klubbm\u00e5lsetning, organisering rundt laget, kompetansekrav trenere, seriespill (spillform, banest\u00f8rrelse, laginndeling, p\u00e5melding, spilletid), treningstid, innhold i trening, link til NFFs nye skoleringsplaner og \u00f8velsesutvalg, turneringer, differensiering,\u00a0<span style=\"font-family: var( --e-global-typography-text-font-family ), Sans-serif; font-weight: var( --e-global-typography-text-font-weight );\">jevnbyrdighet<\/span><span style=\"font-family: var( --e-global-typography-text-font-family ), Sans-serif; font-weight: var( --e-global-typography-text-font-weight );\">, hospitering, og ekstratilbud mm.<\/span><\/p><p><span style=\"font-family: var( --e-global-typography-text-font-family ), Sans-serif; font-weight: var( --e-global-typography-text-font-weight );\">Sportsplanen har videre to bolker som viser hvordan vi \u00f8nsker at \u00f8ktene skal bygges opp og \u00f8velsesutvalg knyttet til dette, henholdsvis <strong>&laquo;Oppbygning av \u00f8kta 6-11 \u00e5r &#8211; \u00d8velsesutvalg&raquo;<\/strong> og &laquo;<strong>Oppbygning av \u00f8<\/strong><strong>kta 12 \u00e5r og<\/strong> <strong>oppover &#8211; \u00d8velsesutvalg&raquo;<\/strong>. Oppbygning og \u00f8velsesutvalg er hentet fra og linket til NFFs nye skoleringsplaner fra 2021. Fra 12 \u00e5r og oppover \u00f8nsker vi at innholdet i \u00f8ktene er knyttet mot &laquo;Landslagsskolen&raquo; og i tillegg til &laquo;Spillet V\u00e5rt&raquo;. Det er linker i hvert av alderssegmentene under &laquo;trening&raquo; til disse to bolkene. Fra disse kommer man videre rett inn p\u00e5 NFFs \u00f8velsesutvalg ved \u00e5 trykke p\u00e5 sitt alderssegment. NFFs nye skoleringsplaner er ogs\u00e5 lagt inn i <a href=\"https:\/\/no-fotball.s2s.net\/home.php\">trenings\u00f8kta.no<\/a>.<\/span><\/p><p>V\u00e5r sportsplan m\u00e5 sees i sammenheng med v\u00e5r <a href=\"https:\/\/www.silfotball.no\/klubbhandbok\/\">klubbh\u00e5ndbok<\/a> og v\u00e5r hovedside (<a href=\"https:\/\/silfotball.no\/nyheter\/\">www.silfotball.no<\/a>). Det vil v\u00e6re linker mellom disse tre plattformene der det er naturlig. P\u00e5 hovedsiden, under <a href=\"https:\/\/silfotball.no\/nyheter\/index.php\/kontakt-oss\">kontakt oss<\/a> og <a href=\"https:\/\/silfotball.no\/nyheter\/index.php\/klubben\/organisasjon\">organisasjon<\/a>, finner man ogs\u00e5 ut hvilke personer som innehar de ulike roller, funksjoner og verv.<\/p><p>LYKKE TIL &#8211; HEIA SIL!\u00a0<\/p>\t\t\t\t\t\t\t\t<\/div>\n\t\t\t\t<\/div>\n\t\t\t\t\t<\/div>\n\t\t<\/div>\n\t\t\t\t\t<\/div>\n\t\t<\/section>\n\t\t\t\t<section class=\"elementor-section elementor-top-section elementor-element elementor-element-65d5075 elementor-section-boxed elementor-section-height-default elementor-section-height-default\" data-id=\"65d5075\" data-element_type=\"section\" data-e-type=\"section\" data-settings=\"{&quot;profecient_background_motion_effects_toggle&quot;:0,&quot;profecient_custom_cursor_toggle&quot;:false,&quot;profecient_parallax_effects_toggle&quot;:0,&quot;profecient_mouse_effects_toggle&quot;:0}\">\n\t\t\t\t\t\t<div class=\"elementor-container elementor-column-gap-default\">\n\t\t\t\t\t<div class=\"elementor-column elementor-col-100 elementor-top-column elementor-element elementor-element-1538fcd\" data-id=\"1538fcd\" data-element_type=\"column\" data-e-type=\"column\" data-settings=\"{&quot;profecient_background_motion_effects_toggle&quot;:0,&quot;profecient_custom_cursor_toggle&quot;:false,&quot;profecient_parallax_effects_toggle&quot;:0,&quot;profecient_mouse_effects_toggle&quot;:0}\">\n\t\t\t<div class=\"elementor-widget-wrap elementor-element-populated\">\n\t\t\t\t\t\t\t<\/div>\n\t\t<\/div>\n\t\t\t\t\t<\/div>\n\t\t<\/section>\n\t\t\t\t<\/div>\n\t\t","protected":false},"excerpt":{"rendered":"<p>Innledning Sportsplanen er klubbens styringsverkt\u00f8y for aktiviteten p\u00e5 feltet. Med utgangspunkt i klubbens form\u00e5l, verdier og m\u00e5lsettinger legger sportsplanen grunnlaget for \u201dFlest mulig \u2013 lengst mulig \u2013 best mulig\u201d i et trygt og utviklende milj\u00f8 for alle. Her beskrives retningslinjer for aktiviteten p\u00e5 feltet, arbeidsoppgavene til den enkelte rundt laget\/gruppa og sentrale n\u00f8kkelroller i klubben. [&hellip;]<\/p>\n","protected":false},"author":1,"featured_media":0,"parent":0,"menu_order":0,"comment_status":"closed","ping_status":"closed","template":"","meta":{"footnotes":""},"class_list":["post-275","page","type-page","status-publish","hentry"],"_links":{"self":[{"href":"https:\/\/silfotball.no\/sportsplan\/wp-json\/wp\/v2\/pages\/275","targetHints":{"allow":["GET"]}}],"collection":[{"href":"https:\/\/silfotball.no\/sportsplan\/wp-json\/wp\/v2\/pages"}],"about":[{"href":"https:\/\/silfotball.no\/sportsplan\/wp-json\/wp\/v2\/types\/page"}],"author":[{"embeddable":true,"href":"https:\/\/silfotball.no\/sportsplan\/wp-json\/wp\/v2\/users\/1"}],"replies":[{"embeddable":true,"href":"https:\/\/silfotball.no\/sportsplan\/wp-json\/wp\/v2\/comments?post=275"}],"version-history":[{"count":163,"href":"https:\/\/silfotball.no\/sportsplan\/wp-json\/wp\/v2\/pages\/275\/revisions"}],"predecessor-version":[{"id":3205,"href":"https:\/\/silfotball.no\/sportsplan\/wp-json\/wp\/v2\/pages\/275\/revisions\/3205"}],"wp:attachment":[{"href":"https:\/\/silfotball.no\/sportsplan\/wp-json\/wp\/v2\/media?parent=275"}],"curies":[{"name":"wp","href":"https:\/\/api.w.org\/{rel}","templated":true}]}}