{"id":1415,"date":"2021-02-09T09:50:52","date_gmt":"2021-02-09T09:50:52","guid":{"rendered":"https:\/\/silfotball.no\/sportsplan\/?page_id=1415"},"modified":"2021-03-16T10:08:06","modified_gmt":"2021-03-16T10:08:06","slug":"nasjonale-retningslinjer","status":"publish","type":"page","link":"https:\/\/silfotball.no\/sportsplan\/nasjonale-retningslinjer\/","title":{"rendered":"Nasjonale retningslinjer"},"content":{"rendered":"\t\t<div data-elementor-type=\"wp-page\" data-elementor-id=\"1415\" class=\"elementor elementor-1415\" data-elementor-settings=\"{&quot;profecient_custom_cursor_toggle&quot;:false}\">\n\t\t\t\t\t\t<section class=\"elementor-section elementor-top-section elementor-element elementor-element-57dcd11 elementor-section-boxed elementor-section-height-default elementor-section-height-default\" data-id=\"57dcd11\" data-element_type=\"section\" data-e-type=\"section\" data-settings=\"{&quot;profecient_background_motion_effects_toggle&quot;:0,&quot;profecient_custom_cursor_toggle&quot;:false,&quot;profecient_parallax_effects_toggle&quot;:0,&quot;profecient_mouse_effects_toggle&quot;:0}\">\n\t\t\t\t\t\t<div class=\"elementor-container elementor-column-gap-default\">\n\t\t\t\t\t<div class=\"elementor-column elementor-col-100 elementor-top-column elementor-element elementor-element-52ed5b1\" data-id=\"52ed5b1\" data-element_type=\"column\" data-e-type=\"column\" data-settings=\"{&quot;profecient_background_motion_effects_toggle&quot;:0,&quot;profecient_custom_cursor_toggle&quot;:false,&quot;profecient_parallax_effects_toggle&quot;:0,&quot;profecient_mouse_effects_toggle&quot;:0}\">\n\t\t\t<div class=\"elementor-widget-wrap elementor-element-populated\">\n\t\t\t\t\t\t<div class=\"elementor-element elementor-element-c30d1d8 elementor-widget elementor-widget-text-editor\" data-id=\"c30d1d8\" data-element_type=\"widget\" data-e-type=\"widget\" data-settings=\"{&quot;profecient_custom_cursor_toggle&quot;:false,&quot;profecient_parallax_effects_toggle&quot;:0,&quot;profecient_mouse_effects_toggle&quot;:0}\" data-widget_type=\"text-editor.default\">\n\t\t\t\t<div class=\"elementor-widget-container\">\n\t\t\t\t\t\t\t\t\t<ul><li><a href=\"#_nasj001\">Mestring, tilrettelegging og differensiering<\/a><\/li><li><a href=\"#_nasj002\">Treningsmengde og ekstratilbud<\/a><\/li><li><a href=\"#_nasj003\">Hospitering<\/a><\/li><li><a href=\"#_nasj004\">Inndeling av lag og jevnbyrdighet<\/a><\/li><\/ul>\t\t\t\t\t\t\t\t<\/div>\n\t\t\t\t<\/div>\n\t\t\t\t\t<\/div>\n\t\t<\/div>\n\t\t\t\t\t<\/div>\n\t\t<\/section>\n\t\t\t\t<section class=\"elementor-section elementor-top-section elementor-element elementor-element-e394c23 elementor-section-boxed elementor-section-height-default elementor-section-height-default\" data-id=\"e394c23\" data-element_type=\"section\" data-e-type=\"section\" data-settings=\"{&quot;profecient_background_motion_effects_toggle&quot;:0,&quot;profecient_custom_cursor_toggle&quot;:false,&quot;profecient_parallax_effects_toggle&quot;:0,&quot;profecient_mouse_effects_toggle&quot;:0}\">\n\t\t\t\t\t\t<div class=\"elementor-container elementor-column-gap-default\">\n\t\t\t\t\t<div class=\"elementor-column elementor-col-100 elementor-top-column elementor-element elementor-element-c6ce0b5\" data-id=\"c6ce0b5\" data-element_type=\"column\" data-e-type=\"column\" data-settings=\"{&quot;profecient_background_motion_effects_toggle&quot;:0,&quot;profecient_custom_cursor_toggle&quot;:false,&quot;profecient_parallax_effects_toggle&quot;:0,&quot;profecient_mouse_effects_toggle&quot;:0}\">\n\t\t\t<div class=\"elementor-widget-wrap elementor-element-populated\">\n\t\t\t\t\t\t<div class=\"elementor-element elementor-element-b473d30 elementor-widget elementor-widget-text-editor\" data-id=\"b473d30\" data-element_type=\"widget\" data-e-type=\"widget\" data-settings=\"{&quot;profecient_custom_cursor_toggle&quot;:false,&quot;profecient_parallax_effects_toggle&quot;:0,&quot;profecient_mouse_effects_toggle&quot;:0}\" data-widget_type=\"text-editor.default\">\n\t\t\t\t<div class=\"elementor-widget-container\">\n\t\t\t\t\t\t\t\t\t<h1>NASJONALE RETNINGSLINJER\u00a0<\/h1><p>Denne bolken definerer nasjonale retningslinjer for barne- og ungdomsfotballen i forhold til en del sentrale og viktige begreper og prinsipper.\u00a0<\/p>\t\t\t\t\t\t\t\t<\/div>\n\t\t\t\t<\/div>\n\t\t\t\t<div class=\"elementor-element elementor-element-4e30fdb elementor-widget elementor-widget-spacer\" data-id=\"4e30fdb\" data-element_type=\"widget\" data-e-type=\"widget\" data-settings=\"{&quot;profecient_custom_cursor_toggle&quot;:false,&quot;profecient_parallax_effects_toggle&quot;:0,&quot;profecient_mouse_effects_toggle&quot;:0}\" data-widget_type=\"spacer.default\">\n\t\t\t\t<div class=\"elementor-widget-container\">\n\t\t\t\t\t\t\t<div class=\"elementor-spacer\">\n\t\t\t<div class=\"elementor-spacer-inner\"><\/div>\n\t\t<\/div>\n\t\t\t\t\t\t<\/div>\n\t\t\t\t<\/div>\n\t\t\t\t<div class=\"elementor-element elementor-element-1db0d4f elementor-widget elementor-widget-text-editor\" data-id=\"1db0d4f\" data-element_type=\"widget\" data-e-type=\"widget\" data-settings=\"{&quot;profecient_custom_cursor_toggle&quot;:false,&quot;profecient_parallax_effects_toggle&quot;:0,&quot;profecient_mouse_effects_toggle&quot;:0}\" data-widget_type=\"text-editor.default\">\n\t\t\t\t<div class=\"elementor-widget-container\">\n\t\t\t\t\t\t\t\t\t<h1><a name=\"_nasj001\"><\/a>Mestring, tilrettelegging og differensiering<\/h1><p>N\u00e5r vi bruker begrepene tilrettelegging, mestring og differensiering i treningsarbeidet snakker vi om selve gjennomf\u00f8ringen av trenings\u00f8kter. M\u00e5let er \u00e5 skape en god balanse mellom mestring og utfordringer for \u00e5 gi best mulig utvikling for den enkelte spilleren. Differensiering og tilrettelegging er verkt\u00f8yene til treneren for \u00e5 oppn\u00e5 dette.<\/p><p><span style=\"font-family: var( --e-global-typography-text-font-family ), Sans-serif; font-weight: var( --e-global-typography-text-font-weight );\">Det er viktig \u00e5 forst\u00e5 at differensiering ikke er ensbetydende med \u00e5 dele barna inn i grupper ut ifra hvor langt de har kommet p\u00e5 ferdighetsstigen. Dette er et differensieringsverkt\u00f8y som ikke skal benyttes for denne aldersgruppen.<\/span><\/p><p><span style=\"font-family: var( --e-global-typography-text-font-family ), Sans-serif; font-weight: var( --e-global-typography-text-font-weight );\">Det er viktig \u00e5 forst\u00e5 hva som legges i differensiering og hvilke verkt\u00f8y som ligger i begrepet og hvilke av verkt\u00f8yene man anbefaler brukt for de ulike aldersgruppene.<\/span><\/p><p><b>For \u00e5 beskrive noen sentrale tilretteleggings og differensieringsverkt\u00f8y vi anbefaler, og ikke anbefaler, for alderssegmentet har vi satt opp denne tabellen:<\/b><\/p><table><tbody><tr><td width=\"24%\">Eksempler p\u00e5 Differensiering og tilrettelegging i \u00f8kta<\/td><td width=\"12%\">6-7 \u00e5r<\/td><td width=\"12%\">8-9 \u00e5r<\/td><td width=\"12%\">10-11 \u00e5r<\/td><td width=\"12%\">12 \u00e5r<\/td><td width=\"12%\">13 \u00e5r<\/td><td width=\"12%\">Fra 14 \u00e5r<\/td><\/tr><tr><td>Ulik p\u00e5virkning gjennom forskjellige \u00f8velser, l\u00e6ringsmomenter og krav til utf\u00f8relse<\/td><td>Ja<\/td><td>Ja<\/td><td>Ja<\/td><td>Ja<\/td><td>Ja<\/td><td>Ja<\/td><\/tr><tr><td>Vurder betingelser (touch, banest\u00f8rrelse\/form, antall spillere osv.) for utfordringer og mestring for alle<\/td><td>Ja<\/td><td>Ja<\/td><td>Ja<\/td><td>Ja<\/td><td>Ja<\/td><td>Ja<\/td><\/tr><tr><td>Inndeling i grupper etter ferdighetsniv\u00e5 i deler av \u00f8kta<\/td><td>Nei<\/td><td>Ja<\/td><td>Ja<\/td><td>Ja<\/td><td>Ja<\/td><td>Ja<\/td><\/tr><tr><td>Treningsgrupper delt inn etter niv\u00e5, eller treningsiver<\/td><td>Nei<\/td><td>Nei<\/td><td>Nei<\/td><td>Dersom form\u00e5lstjenlig<\/td><td>Ja<\/td><td>Ja<\/td><\/tr><\/tbody><\/table><p>Verkt\u00f8yene som anbefales for alderssegmentet er merket med &laquo;Ja&raquo;, mens verkt\u00f8yene som ikke anbefales for alderssegmentet er merket med &laquo;Nei&raquo;.<\/p>\t\t\t\t\t\t\t\t<\/div>\n\t\t\t\t<\/div>\n\t\t\t\t<div class=\"elementor-element elementor-element-c1e11e4 elementor-widget elementor-widget-text-editor\" data-id=\"c1e11e4\" data-element_type=\"widget\" data-e-type=\"widget\" data-settings=\"{&quot;profecient_custom_cursor_toggle&quot;:false,&quot;profecient_parallax_effects_toggle&quot;:0,&quot;profecient_mouse_effects_toggle&quot;:0}\" data-widget_type=\"text-editor.default\">\n\t\t\t\t<div class=\"elementor-widget-container\">\n\t\t\t\t\t\t\t\t\t<h1><a name=\"_nasj002\"><\/a>Treningsmengde og ekstratilbud<\/h1><p>For de yngste, og f\u00f8r pubertet er ikke dette noe vi trenger \u00e5 bekymre oss for. Men vi b\u00f8r passe p\u00e5 at det ikke blir s\u00e5 mye organisert aktivitet at motivasjonen for egenaktivitet og lek forsvinner. Det skal ogs\u00e5 v\u00e6re mulig \u00e5 drive flere aktiviteter. Vi skiller derfor mellom vanlige treninger (med laget) og ekstratilbud for de som vil spille enda mer, b\u00e5de i samme \u00e5rskull og p\u00e5 tvers. I sesong vil spillerne i tillegg spille kamper.<\/p><p><em style=\"font-family: var( --e-global-typography-text-font-family ), Sans-serif; font-weight: var( --e-global-typography-text-font-weight );\">Tabellen under er kun en anbefaling, og vil ikke passe for alle klubber. For deltagere p\u00e5 FFO vil kanskje totalen overstige denne tabellen. Det er like mye for \u00e5 vise at klubben anbefales \u00e5 tilby ekstratilbud til de som vil mer utover aktiviteten med laget.<\/em><\/p><div class=\"table-wrapper margin-top--two\"><div class=\"doubleScrollWrap\"><div class=\"table-wrapper margin-top--two\"><div class=\"doubleScrollWrap\"><table><tbody><tr><td width=\"40%\">Alder<\/td><td width=\"20%\">Aktiviteter per uke<\/td><td width=\"20%\">Ekstratilbud for alle som vil mer<\/td><td width=\"20%\">Aktiviteter totalt<\/td><\/tr><tr><td>6-7 \u00e5r<\/td><td>2<\/td><td>1<\/td><td>3<\/td><\/tr><tr><td>8-9 \u00e5r<\/td><td>2<\/td><td>2<\/td><td>4<\/td><\/tr><tr><td>10-11 \u00e5r<\/td><td>3<\/td><td>2<\/td><td>5<\/td><\/tr><tr><td>12-13 \u00e5r<\/td><td>3<\/td><td>3<\/td><td>6<\/td><\/tr><\/tbody><\/table><\/div><\/div><p>Klubben bestemmer selv hvilke ekstratilbud de skal tilby, men alle ekstratilbud som for eksempel ekstra treninger p\u00e5 \u00e5rskull eller mellom \u00e5rskull skal v\u00e6re \u00e5pne for alle. Alle ekstratilbud b\u00f8r beskrives i klubbens sportsplan.<\/p><p>Fotballskoler og fotballfritidsordninger er ogs\u00e5 eksempler p\u00e5 ekstratilbud. Kostnader b\u00f8r ikke v\u00e6re en ekskluderende faktor for deltakelse.<\/p><p>Futsal er ogs\u00e5 et godt alternativ som ekstratilbud og er en fin og utviklende variant av fotball innend\u00f8rs.<\/p><\/div><\/div>\t\t\t\t\t\t\t\t<\/div>\n\t\t\t\t<\/div>\n\t\t\t\t<div class=\"elementor-element elementor-element-7ef6543 elementor-widget elementor-widget-text-editor\" data-id=\"7ef6543\" data-element_type=\"widget\" data-e-type=\"widget\" data-settings=\"{&quot;profecient_custom_cursor_toggle&quot;:false,&quot;profecient_parallax_effects_toggle&quot;:0,&quot;profecient_mouse_effects_toggle&quot;:0}\" data-widget_type=\"text-editor.default\">\n\t\t\t\t<div class=\"elementor-widget-container\">\n\t\t\t\t\t\t\t\t\t<h1><a name=\"_nasj003\"><\/a>Hospitering<\/h1><p>Hospitering er \u00e5 gi en spiller mulighet for \u00e5 trene eller spille kamper med lag over eller under sitt eget alderstrinn, annet lag p\u00e5 eget alderstrinn, p\u00e5 tvers av kj\u00f8nn, eventuelt en annen klubb\/gruppe. Hospitering kan v\u00e6re et viktig verkt\u00f8y for \u00e5 skape en riktig balanse mellom utfordring og mestring hos enkeltspillere. Hospitering ser vi p\u00e5 som et virkemiddel for enkeltspillere som har et behov for st\u00f8rre utfordringer enn det man kan f\u00e5 p\u00e5 eget lag. Det m\u00e5 skilles mellom hospitering og for eksempel det \u00e5 l\u00e5ne spillere for \u00e5 kunne stille lag. Hospitering skal v\u00e6re klubbstyrt og klubbens retningslinjer for hospitering skal beskrives i sportsplanen.<\/p><p><span style=\"font-family: var( --e-global-typography-text-font-family ), Sans-serif; font-weight: var( --e-global-typography-text-font-weight );\">For de yngste aldersgruppene (6-9 \u00e5r) anbefaler vi som hovedregel ikke hospitering som virkemiddel, men for eldre\u00a0 spillere (10 \u00e5r og oppover) anbefaler vi det i st\u00f8rre grad. Denne tabellen er derfor med p\u00e5 hvert alderssegment for \u00e5 forklare anbefalt progresjon og sammenheng.<\/span><\/p><table><tbody><tr><td width=\"34%\"><strong>Eksempler p\u00e5 hospitering<\/strong><\/td><td width=\"11%\"><strong>6-7 \u00e5r<\/strong><\/td><td width=\"11%\"><strong>8-9<\/strong><\/td><td width=\"11%\"><strong>10-11\u00a0\u00a0<\/strong><\/td><td width=\"11%\"><strong>12<\/strong><\/td><td width=\"11%\"><strong>13 \u00e5r<\/strong><\/td><td width=\"11%\"><strong>Fra 14 \u00e5r<\/strong><\/td><\/tr><tr><td><strong>Hospitering p\u00e5 tvers av kj\u00f8nn<\/strong><\/td><td>Nei<\/td><td>Ja<\/td><td>Ja<\/td><td>Ja<\/td><td>Ja<\/td><td>Ja<\/td><\/tr><tr><td><strong>Hospitering i kamp<\/strong><\/td><td>Nei<\/td><td>Nei<\/td><td>Ja<\/td><td>Ja<\/td><td>Ja<\/td><td>Ja<\/td><\/tr><tr><td><strong>Hospitering p\u00e5 tvers av klubber<\/strong><\/td><td>Nei<\/td><td>Nei<\/td><td>Ja<\/td><td>Ja<\/td><td>Ja<\/td><td>Ja<\/td><\/tr><tr><td><strong>Hospitering opp en aldersklasse<\/strong><\/td><td>Nei<\/td><td>Nei<\/td><td>Ja<\/td><td>Ja<\/td><td>Ja<\/td><td>Ja<\/td><\/tr><\/tbody><\/table><p>Verkt\u00f8yene som anbefales p\u00e5 alderssegmentet er merket med &laquo;Ja&raquo;, mens verkt\u00f8yene som ikke anbefales for alderssegmentet er merket med &laquo;Nei&raquo;.<\/p>\t\t\t\t\t\t\t\t<\/div>\n\t\t\t\t<\/div>\n\t\t\t\t<div class=\"elementor-element elementor-element-00618e3 elementor-widget elementor-widget-text-editor\" data-id=\"00618e3\" data-element_type=\"widget\" data-e-type=\"widget\" data-settings=\"{&quot;profecient_custom_cursor_toggle&quot;:false,&quot;profecient_parallax_effects_toggle&quot;:0,&quot;profecient_mouse_effects_toggle&quot;:0}\" data-widget_type=\"text-editor.default\">\n\t\t\t\t<div class=\"elementor-widget-container\">\n\t\t\t\t\t\t\t\t\t<h1><a name=\"_nasj004\"><\/a>Inndeling av lag og jevnbyrdighet<\/h1><p><strong>Inndeling av lag**<\/strong>\u00a0det at en klubb er bevisst p\u00e5 inndelingen av lag er viktig for den gode kampopplevelsen for alle. M\u00e5let skal v\u00e6re \u00e5 legge til rette for best mulig utvikling for den enkelte spiller og samtidig ivareta m\u00e5let om flest mulig, lengst mulig.<\/p><p><strong style=\"font-family: var( --e-global-typography-text-font-family ), Sans-serif;\">Jevnbyrdighet**\u00a0<\/strong><span style=\"font-family: var( --e-global-typography-text-font-family ), Sans-serif; font-weight: var( --e-global-typography-text-font-weight );\">med jevnbyrdige lag menes at laget er sammensatt av spillere med ulikt ferdighetsniv\u00e5. \u00c5 sette sammen lag basert p\u00e5 ferdighetsniv\u00e5 er seleksjon, det skal ikke forekomme i aldersklassen. Det er klubben som innenfor dette bestemmer hvordan inndeling av lag og treningsgrupper skal gj\u00f8res.<\/span><\/p><p>I barnefotballen \u00f8nsker vi mest mulig jevnbyrdige kamper for \u00e5 fremme en best mulig balanse mellom mestring og utfordringer for alle.<\/p><table><tbody><tr><td width=\"10%\"><strong>Alder<\/strong><\/td><td width=\"15%\"><strong>6-7 \u00e5r**<\/strong><\/td><td width=\"15%\"><strong>8-9 \u00e5r**<\/strong><\/td><td width=\"15%\"><strong>10-11 \u00e5r**<\/strong><\/td><td width=\"15%\"><strong>12 \u00e5r**<\/strong><\/td><td width=\"15%\"><strong>13 \u00e5r<\/strong><\/td><td width=\"15%\"><strong>Fra 14 \u00e5r<\/strong><\/td><\/tr><tr><td><strong>Spillform<\/strong><\/td><td>3 mot 3<\/td><td>5 mot 5<\/td><td>7 mot 7<\/td><td>9 mot 9<\/td><td>9 mot 9<\/td><td>11 mot 11<\/td><\/tr><tr><td><strong>Niv\u00e5inndelt p\u00e5melding (seriespill)<\/strong><\/td><td>Ingen niv\u00e5inndeling\/ regionale l\u00f8sninger<\/td><td>Ingen niv\u00e5inndeling\/ regionale l\u00f8sninger<\/td><td>Niv\u00e5-p\u00e5melding, dersom kretsen tilbyr dette<\/td><td>Divsjons-system (uten tabeller)<\/td><td>Divisjons-system<\/td><td>Divisjons-system<\/td><\/tr><tr><td><strong>Lag delt inn etter ferdighetsniv\u00e5 i seriespill<\/strong><\/td><td>Nei<\/td><td>Nei<\/td><td>Nei<\/td><td>Dersom form\u00e5lstjenelig*<\/td><td>Klubben finner den mest hensikts-messige l\u00f8sningen for seg<\/td><td>Der det er spillergrunnlag for det, s\u00e5 anbefales det<\/td><\/tr><\/tbody><\/table><p>Denne tabellen viser \u00f8verste spillform og nasjonale retningslinjer for inndeling av lag og jevnbyrdighet.<\/p><p>*Det er den enkelte krets som setter retningslinjer for niv\u00e5p\u00e5melding i seriespillet i 12-\u00e5rsklassen.<\/p><p>**Du finner mer om niv\u00e5inndeling i seriespill for barnefotballen ved \u00e5 klikke her\u00a0<a href=\"https:\/\/www.fotball.no\/barn-og-ungdom\/verdier-og-virkemidler\/nivainndeling-i-seriespill-for-barnefotballen\/#Toppen\">Niv\u00e5inndeling i seriespill for barnefotballen &#8211; Norges Fotballforbund<\/a><\/p>\t\t\t\t\t\t\t\t<\/div>\n\t\t\t\t<\/div>\n\t\t\t\t<div class=\"elementor-element elementor-element-535e4ef elementor-widget elementor-widget-spacer\" data-id=\"535e4ef\" data-element_type=\"widget\" data-e-type=\"widget\" data-settings=\"{&quot;profecient_custom_cursor_toggle&quot;:false,&quot;profecient_parallax_effects_toggle&quot;:0,&quot;profecient_mouse_effects_toggle&quot;:0}\" data-widget_type=\"spacer.default\">\n\t\t\t\t<div class=\"elementor-widget-container\">\n\t\t\t\t\t\t\t<div class=\"elementor-spacer\">\n\t\t\t<div class=\"elementor-spacer-inner\"><\/div>\n\t\t<\/div>\n\t\t\t\t\t\t<\/div>\n\t\t\t\t<\/div>\n\t\t\t\t\t<\/div>\n\t\t<\/div>\n\t\t\t\t\t<\/div>\n\t\t<\/section>\n\t\t\t\t<section class=\"elementor-section elementor-top-section elementor-element elementor-element-49916c6 elementor-section-boxed elementor-section-height-default elementor-section-height-default\" data-id=\"49916c6\" data-element_type=\"section\" data-e-type=\"section\" data-settings=\"{&quot;profecient_background_motion_effects_toggle&quot;:0,&quot;profecient_custom_cursor_toggle&quot;:false,&quot;profecient_parallax_effects_toggle&quot;:0,&quot;profecient_mouse_effects_toggle&quot;:0}\">\n\t\t\t\t\t\t<div class=\"elementor-container elementor-column-gap-default\">\n\t\t\t\t\t<div class=\"elementor-column elementor-col-50 elementor-top-column elementor-element elementor-element-db66737\" data-id=\"db66737\" data-element_type=\"column\" data-e-type=\"column\" data-settings=\"{&quot;profecient_background_motion_effects_toggle&quot;:0,&quot;profecient_custom_cursor_toggle&quot;:false,&quot;profecient_parallax_effects_toggle&quot;:0,&quot;profecient_mouse_effects_toggle&quot;:0}\">\n\t\t\t<div class=\"elementor-widget-wrap elementor-element-populated\">\n\t\t\t\t\t\t<div class=\"elementor-element elementor-element-54493f8 elementor-widget elementor-widget-button\" data-id=\"54493f8\" data-element_type=\"widget\" data-e-type=\"widget\" data-settings=\"{&quot;profecient_custom_cursor_toggle&quot;:false,&quot;profecient_parallax_effects_toggle&quot;:0,&quot;profecient_mouse_effects_toggle&quot;:0}\" data-widget_type=\"button.default\">\n\t\t\t\t<div class=\"elementor-widget-container\">\n\t\t\t\t\t\t\t\t\t<div class=\"elementor-button-wrapper\">\n\t\t\t\t\t<a class=\"elementor-button elementor-button-link elementor-size-sm\" href=\"https:\/\/silfotball.no\/sportsplan\/oppbygning-av-okta-12-ar-og-oppover-ovelsesutvalg\">\n\t\t\t\t\t\t<span class=\"elementor-button-content-wrapper\">\n\t\t\t\t\t\t<span class=\"elementor-button-icon\">\n\t\t\t\t<i aria-hidden=\"true\" class=\"fas fa-arrow-left\"><\/i>\t\t\t<\/span>\n\t\t\t\t\t\t\t\t\t<span class=\"elementor-button-text\">OPPBYGNING AV \u00d8KTA 12 \u00c5R OG OPPOVER \u2013 \u00d8VELSESUTVALG<\/span>\n\t\t\t\t\t<\/span>\n\t\t\t\t\t<\/a>\n\t\t\t\t<\/div>\n\t\t\t\t\t\t\t\t<\/div>\n\t\t\t\t<\/div>\n\t\t\t\t\t<\/div>\n\t\t<\/div>\n\t\t\t\t<div class=\"elementor-column elementor-col-50 elementor-top-column elementor-element elementor-element-0b78ab0\" data-id=\"0b78ab0\" data-element_type=\"column\" data-e-type=\"column\" data-settings=\"{&quot;profecient_background_motion_effects_toggle&quot;:0,&quot;profecient_custom_cursor_toggle&quot;:false,&quot;profecient_parallax_effects_toggle&quot;:0,&quot;profecient_mouse_effects_toggle&quot;:0}\">\n\t\t\t<div class=\"elementor-widget-wrap elementor-element-populated\">\n\t\t\t\t\t\t<div class=\"elementor-element elementor-element-4833e02 elementor-align-right elementor-widget elementor-widget-button\" data-id=\"4833e02\" data-element_type=\"widget\" data-e-type=\"widget\" data-settings=\"{&quot;profecient_custom_cursor_toggle&quot;:false,&quot;profecient_parallax_effects_toggle&quot;:0,&quot;profecient_mouse_effects_toggle&quot;:0}\" data-widget_type=\"button.default\">\n\t\t\t\t<div class=\"elementor-widget-container\">\n\t\t\t\t\t\t\t\t\t<div class=\"elementor-button-wrapper\">\n\t\t\t\t\t<a class=\"elementor-button elementor-button-link elementor-size-sm\" href=\"https:\/\/silfotball.no\/sportsplan\/vedlegg\">\n\t\t\t\t\t\t<span class=\"elementor-button-content-wrapper\">\n\t\t\t\t\t\t<span class=\"elementor-button-icon\">\n\t\t\t\t<i aria-hidden=\"true\" class=\"fas fa-arrow-right\"><\/i>\t\t\t<\/span>\n\t\t\t\t\t\t\t\t\t<span class=\"elementor-button-text\">VEDLEGG OG LINKER<\/span>\n\t\t\t\t\t<\/span>\n\t\t\t\t\t<\/a>\n\t\t\t\t<\/div>\n\t\t\t\t\t\t\t\t<\/div>\n\t\t\t\t<\/div>\n\t\t\t\t\t<\/div>\n\t\t<\/div>\n\t\t\t\t\t<\/div>\n\t\t<\/section>\n\t\t\t\t<\/div>\n\t\t","protected":false},"excerpt":{"rendered":"<p>Mestring, tilrettelegging og differensiering Treningsmengde og ekstratilbud Hospitering Inndeling av lag og jevnbyrdighet NASJONALE RETNINGSLINJER\u00a0 Denne bolken definerer nasjonale retningslinjer for barne- og ungdomsfotballen i forhold til en del sentrale og viktige begreper og prinsipper.\u00a0 Mestring, tilrettelegging og differensiering N\u00e5r vi bruker begrepene tilrettelegging, mestring og differensiering i treningsarbeidet snakker vi om selve gjennomf\u00f8ringen av [&hellip;]<\/p>\n","protected":false},"author":1,"featured_media":0,"parent":0,"menu_order":0,"comment_status":"closed","ping_status":"closed","template":"","meta":{"footnotes":""},"class_list":["post-1415","page","type-page","status-publish","hentry"],"_links":{"self":[{"href":"https:\/\/silfotball.no\/sportsplan\/wp-json\/wp\/v2\/pages\/1415","targetHints":{"allow":["GET"]}}],"collection":[{"href":"https:\/\/silfotball.no\/sportsplan\/wp-json\/wp\/v2\/pages"}],"about":[{"href":"https:\/\/silfotball.no\/sportsplan\/wp-json\/wp\/v2\/types\/page"}],"author":[{"embeddable":true,"href":"https:\/\/silfotball.no\/sportsplan\/wp-json\/wp\/v2\/users\/1"}],"replies":[{"embeddable":true,"href":"https:\/\/silfotball.no\/sportsplan\/wp-json\/wp\/v2\/comments?post=1415"}],"version-history":[{"count":135,"href":"https:\/\/silfotball.no\/sportsplan\/wp-json\/wp\/v2\/pages\/1415\/revisions"}],"predecessor-version":[{"id":3327,"href":"https:\/\/silfotball.no\/sportsplan\/wp-json\/wp\/v2\/pages\/1415\/revisions\/3327"}],"wp:attachment":[{"href":"https:\/\/silfotball.no\/sportsplan\/wp-json\/wp\/v2\/media?parent=1415"}],"curies":[{"name":"wp","href":"https:\/\/api.w.org\/{rel}","templated":true}]}}