{"id":1412,"date":"2021-02-09T09:50:00","date_gmt":"2021-02-09T09:50:00","guid":{"rendered":"https:\/\/silfotball.no\/sportsplan\/?page_id=1412"},"modified":"2021-03-16T10:06:28","modified_gmt":"2021-03-16T10:06:28","slug":"oppbygning-av-okta-6-11-ar-ovelsesutvalg","status":"publish","type":"page","link":"https:\/\/silfotball.no\/sportsplan\/oppbygning-av-okta-6-11-ar-ovelsesutvalg\/","title":{"rendered":"Oppbygning av \u00f8kta 6-11 \u00e5r &#8211; \u00f8velsesutvalg"},"content":{"rendered":"\t\t<div data-elementor-type=\"wp-page\" data-elementor-id=\"1412\" class=\"elementor elementor-1412\" data-elementor-settings=\"{&quot;profecient_custom_cursor_toggle&quot;:false}\">\n\t\t\t\t\t\t<section class=\"elementor-section elementor-top-section elementor-element elementor-element-e394c23 elementor-section-boxed elementor-section-height-default elementor-section-height-default\" data-id=\"e394c23\" data-element_type=\"section\" data-e-type=\"section\" data-settings=\"{&quot;profecient_background_motion_effects_toggle&quot;:0,&quot;profecient_custom_cursor_toggle&quot;:false,&quot;profecient_parallax_effects_toggle&quot;:0,&quot;profecient_mouse_effects_toggle&quot;:0}\">\n\t\t\t\t\t\t<div class=\"elementor-container elementor-column-gap-default\">\n\t\t\t\t\t<div class=\"elementor-column elementor-col-100 elementor-top-column elementor-element elementor-element-c6ce0b5\" data-id=\"c6ce0b5\" data-element_type=\"column\" data-e-type=\"column\" data-settings=\"{&quot;profecient_background_motion_effects_toggle&quot;:0,&quot;profecient_custom_cursor_toggle&quot;:false,&quot;profecient_parallax_effects_toggle&quot;:0,&quot;profecient_mouse_effects_toggle&quot;:0}\">\n\t\t\t<div class=\"elementor-widget-wrap elementor-element-populated\">\n\t\t\t\t\t\t<div class=\"elementor-element elementor-element-30b2e82 elementor-widget elementor-widget-text-editor\" data-id=\"30b2e82\" data-element_type=\"widget\" data-e-type=\"widget\" data-settings=\"{&quot;profecient_custom_cursor_toggle&quot;:false,&quot;profecient_parallax_effects_toggle&quot;:0,&quot;profecient_mouse_effects_toggle&quot;:0}\" data-widget_type=\"text-editor.default\">\n\t\t\t\t<div class=\"elementor-widget-container\">\n\t\t\t\t\t\t\t\t\t<h1>OPPBYGNING AV \u00d8KTA<\/h1><p>Oppbygning av \u00f8kta best\u00e5r av tre aktivitetskategorier:<\/p><ol><li>Sjef over ballen<\/li><li>Spille med og mot<\/li><li>Spill\u00a0<\/li><\/ol><p>Andelen tidsforbruk innen hver kategori varierer fra aldersgruppe til aldersgruppe, men generelt <em><strong>anbefaler vi alltid at minimum halve treningstida brukes i aktivitetskategorien &laquo;SPILL&raquo;<\/strong><\/em> i barnefotballen, 6-11 \u00e5r.<\/p><p>Innholdet videre i denne bolken er linket mot NFFs nye skoleringsplaner fra 2021. Her finner du f\u00f8lgende &#8211; alt <em><strong>tilpasset<\/strong><\/em> til den aktuelle aldersgruppen:<\/p><ul><li>Spillmodellen tilpasset aldergruppa<\/li><li>Aktuelle hovedtemaer for \u00f8kta<\/li><li>\u00d8ktas oppbygning (andel av \u00f8kta i ulike aktivitetskategorier)<\/li><li>L\u00e6ringsmomenter knyttet til hovedtemaet<\/li><li>\u00d8velsesutvalg knyttet til hovedtema og til de ulike aktivitetskategoriene i \u00f8ktas oppbygning.\u00a0<\/li><\/ul><div>Trykk p\u00e5 aldersgruppen under:\u00a0<\/div><div>\u00a0<\/div><ul><li><h2><a href=\"https:\/\/www.fotball.no\/barn-og-ungdom\/barn_6-7\/ovelser-og-laringsmomenter-6-7--ar\/#Toppen\">6-7 \u00e5r\u00a0<\/a><\/h2><\/li><li><h2><a href=\"https:\/\/www.fotball.no\/barn-og-ungdom\/barn_8-9\/ovelser-og-momenter-8-9-ar\/\">8-9 \u00e5r<\/a><\/h2><\/li><li><h2><a href=\"https:\/\/www.fotball.no\/barn-og-ungdom\/barn_10-11\/\">10-11 \u00e5r<\/a><\/h2><\/li><\/ul><div>\u00a0De nye skoleringsplanene til NFF ligger ogs\u00e5 tilgjengelige i <a href=\"https:\/\/no-fotball.s2s.net\/home.php\">trenings\u00f8kta.no<\/a>.<\/div>\t\t\t\t\t\t\t\t<\/div>\n\t\t\t\t<\/div>\n\t\t\t\t<div class=\"elementor-element elementor-element-1a8d40d elementor-widget elementor-widget-spacer\" data-id=\"1a8d40d\" data-element_type=\"widget\" data-e-type=\"widget\" data-settings=\"{&quot;profecient_custom_cursor_toggle&quot;:false,&quot;profecient_parallax_effects_toggle&quot;:0,&quot;profecient_mouse_effects_toggle&quot;:0}\" data-widget_type=\"spacer.default\">\n\t\t\t\t<div class=\"elementor-widget-container\">\n\t\t\t\t\t\t\t<div class=\"elementor-spacer\">\n\t\t\t<div class=\"elementor-spacer-inner\"><\/div>\n\t\t<\/div>\n\t\t\t\t\t\t<\/div>\n\t\t\t\t<\/div>\n\t\t\t\t\t<\/div>\n\t\t<\/div>\n\t\t\t\t\t<\/div>\n\t\t<\/section>\n\t\t\t\t<section class=\"elementor-section elementor-top-section elementor-element elementor-element-8136919 elementor-section-boxed elementor-section-height-default elementor-section-height-default\" data-id=\"8136919\" data-element_type=\"section\" data-e-type=\"section\" data-settings=\"{&quot;profecient_background_motion_effects_toggle&quot;:0,&quot;profecient_custom_cursor_toggle&quot;:false,&quot;profecient_parallax_effects_toggle&quot;:0,&quot;profecient_mouse_effects_toggle&quot;:0}\">\n\t\t\t\t\t\t<div class=\"elementor-container elementor-column-gap-default\">\n\t\t\t\t\t<div class=\"elementor-column elementor-col-50 elementor-top-column elementor-element elementor-element-d41bdc0\" data-id=\"d41bdc0\" data-element_type=\"column\" data-e-type=\"column\" data-settings=\"{&quot;profecient_background_motion_effects_toggle&quot;:0,&quot;profecient_custom_cursor_toggle&quot;:false,&quot;profecient_parallax_effects_toggle&quot;:0,&quot;profecient_mouse_effects_toggle&quot;:0}\">\n\t\t\t<div class=\"elementor-widget-wrap elementor-element-populated\">\n\t\t\t\t\t\t<div class=\"elementor-element elementor-element-426c822 elementor-widget elementor-widget-button\" data-id=\"426c822\" data-element_type=\"widget\" data-e-type=\"widget\" data-settings=\"{&quot;profecient_custom_cursor_toggle&quot;:false,&quot;profecient_parallax_effects_toggle&quot;:0,&quot;profecient_mouse_effects_toggle&quot;:0}\" data-widget_type=\"button.default\">\n\t\t\t\t<div class=\"elementor-widget-container\">\n\t\t\t\t\t\t\t\t\t<div class=\"elementor-button-wrapper\">\n\t\t\t\t\t<a class=\"elementor-button elementor-button-link elementor-size-sm\" href=\"https:\/\/silfotball.no\/sportsplan\/dommerutvikling\">\n\t\t\t\t\t\t<span class=\"elementor-button-content-wrapper\">\n\t\t\t\t\t\t<span class=\"elementor-button-icon\">\n\t\t\t\t<i aria-hidden=\"true\" class=\"fas fa-arrow-left\"><\/i>\t\t\t<\/span>\n\t\t\t\t\t\t\t\t\t<span class=\"elementor-button-text\">DOMMERUTVIKLING<\/span>\n\t\t\t\t\t<\/span>\n\t\t\t\t\t<\/a>\n\t\t\t\t<\/div>\n\t\t\t\t\t\t\t\t<\/div>\n\t\t\t\t<\/div>\n\t\t\t\t\t<\/div>\n\t\t<\/div>\n\t\t\t\t<div class=\"elementor-column elementor-col-50 elementor-top-column elementor-element elementor-element-c6eaa0a\" data-id=\"c6eaa0a\" data-element_type=\"column\" data-e-type=\"column\" data-settings=\"{&quot;profecient_background_motion_effects_toggle&quot;:0,&quot;profecient_custom_cursor_toggle&quot;:false,&quot;profecient_parallax_effects_toggle&quot;:0,&quot;profecient_mouse_effects_toggle&quot;:0}\">\n\t\t\t<div class=\"elementor-widget-wrap elementor-element-populated\">\n\t\t\t\t\t\t<div class=\"elementor-element elementor-element-0f701b1 elementor-align-right elementor-widget elementor-widget-button\" data-id=\"0f701b1\" data-element_type=\"widget\" data-e-type=\"widget\" data-settings=\"{&quot;profecient_custom_cursor_toggle&quot;:false,&quot;profecient_parallax_effects_toggle&quot;:0,&quot;profecient_mouse_effects_toggle&quot;:0}\" data-widget_type=\"button.default\">\n\t\t\t\t<div class=\"elementor-widget-container\">\n\t\t\t\t\t\t\t\t\t<div class=\"elementor-button-wrapper\">\n\t\t\t\t\t<a class=\"elementor-button elementor-button-link elementor-size-sm\" href=\"https:\/\/silfotball.no\/sportsplan\/oppbygning-av-okta-12-ar-og-oppover-ovelsesutvalg\">\n\t\t\t\t\t\t<span class=\"elementor-button-content-wrapper\">\n\t\t\t\t\t\t<span class=\"elementor-button-icon\">\n\t\t\t\t<i aria-hidden=\"true\" class=\"fas fa-arrow-right\"><\/i>\t\t\t<\/span>\n\t\t\t\t\t\t\t\t\t<span class=\"elementor-button-text\">OPPBYGNING AV \u00d8KTA 12 \u00c5R OG OPPOVER \u2013 \u00d8VELSESUTVALG<\/span>\n\t\t\t\t\t<\/span>\n\t\t\t\t\t<\/a>\n\t\t\t\t<\/div>\n\t\t\t\t\t\t\t\t<\/div>\n\t\t\t\t<\/div>\n\t\t\t\t\t<\/div>\n\t\t<\/div>\n\t\t\t\t\t<\/div>\n\t\t<\/section>\n\t\t\t\t<\/div>\n\t\t","protected":false},"excerpt":{"rendered":"<p>OPPBYGNING AV \u00d8KTA Oppbygning av \u00f8kta best\u00e5r av tre aktivitetskategorier: Sjef over ballen Spille med og mot Spill\u00a0 Andelen tidsforbruk innen hver kategori varierer fra aldersgruppe til aldersgruppe, men generelt anbefaler vi alltid at minimum halve treningstida brukes i aktivitetskategorien &laquo;SPILL&raquo; i barnefotballen, 6-11 \u00e5r. Innholdet videre i denne bolken er linket mot NFFs nye [&hellip;]<\/p>\n","protected":false},"author":1,"featured_media":0,"parent":0,"menu_order":0,"comment_status":"closed","ping_status":"closed","template":"","meta":{"footnotes":""},"class_list":["post-1412","page","type-page","status-publish","hentry"],"_links":{"self":[{"href":"https:\/\/silfotball.no\/sportsplan\/wp-json\/wp\/v2\/pages\/1412","targetHints":{"allow":["GET"]}}],"collection":[{"href":"https:\/\/silfotball.no\/sportsplan\/wp-json\/wp\/v2\/pages"}],"about":[{"href":"https:\/\/silfotball.no\/sportsplan\/wp-json\/wp\/v2\/types\/page"}],"author":[{"embeddable":true,"href":"https:\/\/silfotball.no\/sportsplan\/wp-json\/wp\/v2\/users\/1"}],"replies":[{"embeddable":true,"href":"https:\/\/silfotball.no\/sportsplan\/wp-json\/wp\/v2\/comments?post=1412"}],"version-history":[{"count":118,"href":"https:\/\/silfotball.no\/sportsplan\/wp-json\/wp\/v2\/pages\/1412\/revisions"}],"predecessor-version":[{"id":3318,"href":"https:\/\/silfotball.no\/sportsplan\/wp-json\/wp\/v2\/pages\/1412\/revisions\/3318"}],"wp:attachment":[{"href":"https:\/\/silfotball.no\/sportsplan\/wp-json\/wp\/v2\/media?parent=1412"}],"curies":[{"name":"wp","href":"https:\/\/api.w.org\/{rel}","templated":true}]}}