{"id":1411,"date":"2021-02-09T09:49:27","date_gmt":"2021-02-09T09:49:27","guid":{"rendered":"https:\/\/silfotball.no\/sportsplan\/?page_id=1411"},"modified":"2021-03-16T10:05:40","modified_gmt":"2021-03-16T10:05:40","slug":"dommerutvikling","status":"publish","type":"page","link":"https:\/\/silfotball.no\/sportsplan\/dommerutvikling\/","title":{"rendered":"Dommerutvikling"},"content":{"rendered":"\t\t<div data-elementor-type=\"wp-page\" data-elementor-id=\"1411\" class=\"elementor elementor-1411\" data-elementor-settings=\"{&quot;profecient_custom_cursor_toggle&quot;:false}\">\n\t\t\t\t\t\t<section class=\"elementor-section elementor-top-section elementor-element elementor-element-e394c23 elementor-section-boxed elementor-section-height-default elementor-section-height-default\" data-id=\"e394c23\" data-element_type=\"section\" data-e-type=\"section\" data-settings=\"{&quot;profecient_background_motion_effects_toggle&quot;:0,&quot;profecient_custom_cursor_toggle&quot;:false,&quot;profecient_parallax_effects_toggle&quot;:0,&quot;profecient_mouse_effects_toggle&quot;:0}\">\n\t\t\t\t\t\t<div class=\"elementor-container elementor-column-gap-default\">\n\t\t\t\t\t<div class=\"elementor-column elementor-col-100 elementor-top-column elementor-element elementor-element-c6ce0b5\" data-id=\"c6ce0b5\" data-element_type=\"column\" data-e-type=\"column\" data-settings=\"{&quot;profecient_background_motion_effects_toggle&quot;:0,&quot;profecient_custom_cursor_toggle&quot;:false,&quot;profecient_parallax_effects_toggle&quot;:0,&quot;profecient_mouse_effects_toggle&quot;:0}\">\n\t\t\t<div class=\"elementor-widget-wrap elementor-element-populated\">\n\t\t\t\t\t\t<div class=\"elementor-element elementor-element-30b2e82 elementor-widget elementor-widget-text-editor\" data-id=\"30b2e82\" data-element_type=\"widget\" data-e-type=\"widget\" data-settings=\"{&quot;profecient_custom_cursor_toggle&quot;:false,&quot;profecient_parallax_effects_toggle&quot;:0,&quot;profecient_mouse_effects_toggle&quot;:0}\" data-widget_type=\"text-editor.default\">\n\t\t\t\t<div class=\"elementor-widget-container\">\n\t\t\t\t\t\t\t\t\t<p>Tradisjonelt har SIL Fotball v\u00e6rt en veldig stor og god dommerklubb. Det er likevel et kontinuerlig behov for dommere, og der er klubbenes ansvar \u00e5 rekruttere dem og skape et bra dommermilj\u00f8. Det er kretsens oppgave er \u00e5 gi dem utdanning gjennom kurs.<\/p><p>SIL Fotball \u00f8nsker \u00e5 satse p\u00e5 dommere p\u00e5 lik linje med spillere, ved \u00e5 rekruttere flest mulig og beholde disse lengst mulig. Dommere med ambisjoner skal ogs\u00e5 gis utviklingsmuligheter.<\/p><p>SIL Fotball har derfor en egen dommeransvarlig, som skal f\u00f8lge opp og legge til rette for alle dommere i klubben. Rollebeskrivelsen til dommeransvarlig kan sees <a href=\"https:\/\/www.silfotball.no\/klubbhandbok\/5-klubbens-organisering\/#_Toc50108289207\">HER<\/a>, og hvem som innehar rollen finner du <a href=\"https:\/\/www.silfotball.no\/klubbhandbok\/5-klubbens-organisering\/#_Toc50108289207\">HER<\/a>.\u00a0<\/p><p>Det er flere fordeler med \u00e5 etablere et stort og godt dommermilj\u00f8 i klubben:<\/p><ul><li>Femmer- og sjuerkampene d\u00f8mmes av skolerte dommere<\/li><li>Dommerne vil skolere lagene p\u00e5 regelsiden<\/li><li>Oppgaven med \u00e5 skaffe dommere til kampene blir lettere<\/li><li>Lagledere og trenere trenger ikke d\u00f8mme, og kan konsentrere seg om \u00e5 lede laget sitt<\/li><li>Turneringer som klubben arrangerer d\u00f8mmes av skolerte og gode dommere i dommerdrakter<\/li><li>Klubben kan slippe unna gebyrer for manglende antall dommere<\/li><\/ul><p>Med visse aldersbegrensninger kan alle som \u00f8nsker starte som klubb- eller rekrutteringsdommer. Som klubbdommer kan en d\u00f8mme kamper i egen klubb (opp til og med 12 \u00e5r), mens en som rekrutteringsdommer settes opp som dommer i kamper i kretsen (13 \u00e5r og oppover).<\/p><p>Det arrangeres \u00e5rlig klubbdommerkurs i klubben. Dette skjer gjennomf\u00f8res tidlig i januar. Informasjon om dette legges ut p\u00e5 hovedsiden. <a href=\"https:\/\/www.silfotball.no\/klubbhandbok\/11-kompetanse-og-utdanning\/#_Toc501082929\">HER<\/a> finner du mer informasjon om dommerkurs generelt.<\/p><p>Alle dommere i SIL Fotball skal ha dommerkontrakt. Denne skal innbefatte forpliktelser for begge parter.\u00a0<\/p><p>I klubbh\u00e5ndboka finner man informasjon om:<\/p><ul><li><a href=\"https:\/\/www.silfotball.no\/klubbhandbok\/7-klubbdrift-rutiner\/#_Toc501082911\">Dommersatser<\/a><\/li><li><a href=\"https:\/\/www.silfotball.no\/klubbhandbok\/7-klubbdrift-rutiner\/#_Toc501082912\">Dommerutbetaling<\/a><\/li><\/ul>\t\t\t\t\t\t\t\t<\/div>\n\t\t\t\t<\/div>\n\t\t\t\t<div class=\"elementor-element elementor-element-0b81b4b elementor-widget elementor-widget-spacer\" data-id=\"0b81b4b\" data-element_type=\"widget\" data-e-type=\"widget\" data-settings=\"{&quot;profecient_custom_cursor_toggle&quot;:false,&quot;profecient_parallax_effects_toggle&quot;:0,&quot;profecient_mouse_effects_toggle&quot;:0}\" data-widget_type=\"spacer.default\">\n\t\t\t\t<div class=\"elementor-widget-container\">\n\t\t\t\t\t\t\t<div class=\"elementor-spacer\">\n\t\t\t<div class=\"elementor-spacer-inner\"><\/div>\n\t\t<\/div>\n\t\t\t\t\t\t<\/div>\n\t\t\t\t<\/div>\n\t\t\t\t\t<\/div>\n\t\t<\/div>\n\t\t\t\t\t<\/div>\n\t\t<\/section>\n\t\t\t\t<section class=\"elementor-section elementor-top-section elementor-element elementor-element-c0308d4 elementor-section-boxed elementor-section-height-default elementor-section-height-default\" data-id=\"c0308d4\" data-element_type=\"section\" data-e-type=\"section\" data-settings=\"{&quot;profecient_background_motion_effects_toggle&quot;:0,&quot;profecient_custom_cursor_toggle&quot;:false,&quot;profecient_parallax_effects_toggle&quot;:0,&quot;profecient_mouse_effects_toggle&quot;:0}\">\n\t\t\t\t\t\t<div class=\"elementor-container elementor-column-gap-default\">\n\t\t\t\t\t<div class=\"elementor-column elementor-col-50 elementor-top-column elementor-element elementor-element-fdf788a\" data-id=\"fdf788a\" data-element_type=\"column\" data-e-type=\"column\" data-settings=\"{&quot;profecient_background_motion_effects_toggle&quot;:0,&quot;profecient_custom_cursor_toggle&quot;:false,&quot;profecient_parallax_effects_toggle&quot;:0,&quot;profecient_mouse_effects_toggle&quot;:0}\">\n\t\t\t<div class=\"elementor-widget-wrap elementor-element-populated\">\n\t\t\t\t\t\t<div class=\"elementor-element elementor-element-d8a17fc elementor-widget elementor-widget-button\" data-id=\"d8a17fc\" data-element_type=\"widget\" data-e-type=\"widget\" data-settings=\"{&quot;profecient_custom_cursor_toggle&quot;:false,&quot;profecient_parallax_effects_toggle&quot;:0,&quot;profecient_mouse_effects_toggle&quot;:0}\" data-widget_type=\"button.default\">\n\t\t\t\t<div class=\"elementor-widget-container\">\n\t\t\t\t\t\t\t\t\t<div class=\"elementor-button-wrapper\">\n\t\t\t\t\t<a class=\"elementor-button elementor-button-link elementor-size-sm\" href=\"https:\/\/silfotball.no\/sportsplan\/tilrettelag-fotball\">\n\t\t\t\t\t\t<span class=\"elementor-button-content-wrapper\">\n\t\t\t\t\t\t<span class=\"elementor-button-icon\">\n\t\t\t\t<i aria-hidden=\"true\" class=\"fas fa-arrow-left\"><\/i>\t\t\t<\/span>\n\t\t\t\t\t\t\t\t\t<span class=\"elementor-button-text\">TILRETTELAGT FOTBALL<\/span>\n\t\t\t\t\t<\/span>\n\t\t\t\t\t<\/a>\n\t\t\t\t<\/div>\n\t\t\t\t\t\t\t\t<\/div>\n\t\t\t\t<\/div>\n\t\t\t\t\t<\/div>\n\t\t<\/div>\n\t\t\t\t<div class=\"elementor-column elementor-col-50 elementor-top-column elementor-element elementor-element-b7c35f2\" data-id=\"b7c35f2\" data-element_type=\"column\" data-e-type=\"column\" data-settings=\"{&quot;profecient_background_motion_effects_toggle&quot;:0,&quot;profecient_custom_cursor_toggle&quot;:false,&quot;profecient_parallax_effects_toggle&quot;:0,&quot;profecient_mouse_effects_toggle&quot;:0}\">\n\t\t\t<div class=\"elementor-widget-wrap elementor-element-populated\">\n\t\t\t\t\t\t<div class=\"elementor-element elementor-element-560bfe7 elementor-align-right elementor-widget elementor-widget-button\" data-id=\"560bfe7\" data-element_type=\"widget\" data-e-type=\"widget\" data-settings=\"{&quot;profecient_custom_cursor_toggle&quot;:false,&quot;profecient_parallax_effects_toggle&quot;:0,&quot;profecient_mouse_effects_toggle&quot;:0}\" data-widget_type=\"button.default\">\n\t\t\t\t<div class=\"elementor-widget-container\">\n\t\t\t\t\t\t\t\t\t<div class=\"elementor-button-wrapper\">\n\t\t\t\t\t<a class=\"elementor-button elementor-button-link elementor-size-sm\" href=\"https:\/\/silfotball.no\/sportsplan\/oppbygning-av-okta-6-11-ar-ovelsesutvalg\">\n\t\t\t\t\t\t<span class=\"elementor-button-content-wrapper\">\n\t\t\t\t\t\t<span class=\"elementor-button-icon\">\n\t\t\t\t<i aria-hidden=\"true\" class=\"fas fa-arrow-right\"><\/i>\t\t\t<\/span>\n\t\t\t\t\t\t\t\t\t<span class=\"elementor-button-text\">OPPBYGNING AV \u00d8KTA 6-11 \u00c5R \u2013 \u00d8VELSESUTVALG<\/span>\n\t\t\t\t\t<\/span>\n\t\t\t\t\t<\/a>\n\t\t\t\t<\/div>\n\t\t\t\t\t\t\t\t<\/div>\n\t\t\t\t<\/div>\n\t\t\t\t\t<\/div>\n\t\t<\/div>\n\t\t\t\t\t<\/div>\n\t\t<\/section>\n\t\t\t\t<\/div>\n\t\t","protected":false},"excerpt":{"rendered":"<p>Tradisjonelt har SIL Fotball v\u00e6rt en veldig stor og god dommerklubb. Det er likevel et kontinuerlig behov for dommere, og der er klubbenes ansvar \u00e5 rekruttere dem og skape et bra dommermilj\u00f8. Det er kretsens oppgave er \u00e5 gi dem utdanning gjennom kurs. SIL Fotball \u00f8nsker \u00e5 satse p\u00e5 dommere p\u00e5 lik linje med spillere, [&hellip;]<\/p>\n","protected":false},"author":1,"featured_media":0,"parent":0,"menu_order":0,"comment_status":"closed","ping_status":"closed","template":"","meta":{"footnotes":""},"class_list":["post-1411","page","type-page","status-publish","hentry"],"_links":{"self":[{"href":"https:\/\/silfotball.no\/sportsplan\/wp-json\/wp\/v2\/pages\/1411","targetHints":{"allow":["GET"]}}],"collection":[{"href":"https:\/\/silfotball.no\/sportsplan\/wp-json\/wp\/v2\/pages"}],"about":[{"href":"https:\/\/silfotball.no\/sportsplan\/wp-json\/wp\/v2\/types\/page"}],"author":[{"embeddable":true,"href":"https:\/\/silfotball.no\/sportsplan\/wp-json\/wp\/v2\/users\/1"}],"replies":[{"embeddable":true,"href":"https:\/\/silfotball.no\/sportsplan\/wp-json\/wp\/v2\/comments?post=1411"}],"version-history":[{"count":22,"href":"https:\/\/silfotball.no\/sportsplan\/wp-json\/wp\/v2\/pages\/1411\/revisions"}],"predecessor-version":[{"id":3315,"href":"https:\/\/silfotball.no\/sportsplan\/wp-json\/wp\/v2\/pages\/1411\/revisions\/3315"}],"wp:attachment":[{"href":"https:\/\/silfotball.no\/sportsplan\/wp-json\/wp\/v2\/media?parent=1411"}],"curies":[{"name":"wp","href":"https:\/\/api.w.org\/{rel}","templated":true}]}}