{"id":1407,"date":"2021-02-09T09:48:24","date_gmt":"2021-02-09T09:48:24","guid":{"rendered":"https:\/\/silfotball.no\/sportsplan\/?page_id=1407"},"modified":"2021-03-17T17:27:27","modified_gmt":"2021-03-17T17:27:27","slug":"17-19-arsklassene","status":"publish","type":"page","link":"https:\/\/silfotball.no\/sportsplan\/17-19-arsklassene\/","title":{"rendered":"17-19 \u00e5rsklassene"},"content":{"rendered":"\t\t<div data-elementor-type=\"wp-page\" data-elementor-id=\"1407\" class=\"elementor elementor-1407\" data-elementor-settings=\"{&quot;profecient_custom_cursor_toggle&quot;:false}\">\n\t\t\t\t\t\t<section class=\"elementor-section elementor-top-section elementor-element elementor-element-7ba34c2 elementor-section-boxed elementor-section-height-default elementor-section-height-default\" data-id=\"7ba34c2\" data-element_type=\"section\" data-e-type=\"section\" data-settings=\"{&quot;profecient_background_motion_effects_toggle&quot;:0,&quot;profecient_custom_cursor_toggle&quot;:false,&quot;profecient_parallax_effects_toggle&quot;:0,&quot;profecient_mouse_effects_toggle&quot;:0}\">\n\t\t\t\t\t\t<div class=\"elementor-container elementor-column-gap-default\">\n\t\t\t\t\t<div class=\"elementor-column elementor-col-50 elementor-top-column elementor-element elementor-element-02d0ab3\" data-id=\"02d0ab3\" data-element_type=\"column\" data-e-type=\"column\" data-settings=\"{&quot;profecient_background_motion_effects_toggle&quot;:0,&quot;profecient_custom_cursor_toggle&quot;:false,&quot;profecient_parallax_effects_toggle&quot;:0,&quot;profecient_mouse_effects_toggle&quot;:0}\">\n\t\t\t<div class=\"elementor-widget-wrap elementor-element-populated\">\n\t\t\t\t\t\t<div class=\"elementor-element elementor-element-39168c8 elementor-widget elementor-widget-text-editor\" data-id=\"39168c8\" data-element_type=\"widget\" data-e-type=\"widget\" data-settings=\"{&quot;profecient_custom_cursor_toggle&quot;:false,&quot;profecient_parallax_effects_toggle&quot;:0,&quot;profecient_mouse_effects_toggle&quot;:0}\" data-widget_type=\"text-editor.default\">\n\t\t\t\t<div class=\"elementor-widget-container\">\n\t\t\t\t\t\t\t\t\t<h1><strong>M\u00e5l<\/strong><\/h1><p>&laquo;\u00c5 gi hvert medlem et godt tilbud i et godt milj\u00f8 med tilpasset og utviklende aktivitet&raquo;.<\/p><p>I disse aldersgruppene er det ogs\u00e5 en m\u00e5lsetning \u00e5 beholde flest mulig.<\/p>\t\t\t\t\t\t\t\t<\/div>\n\t\t\t\t<\/div>\n\t\t\t\t<div class=\"elementor-element elementor-element-a6d14f3 elementor-widget elementor-widget-text-editor\" data-id=\"a6d14f3\" data-element_type=\"widget\" data-e-type=\"widget\" data-settings=\"{&quot;profecient_custom_cursor_toggle&quot;:false,&quot;profecient_parallax_effects_toggle&quot;:0,&quot;profecient_mouse_effects_toggle&quot;:0}\" data-widget_type=\"text-editor.default\">\n\t\t\t\t<div class=\"elementor-widget-container\">\n\t\t\t\t\t\t\t\t\t<h1><strong>Organisering<\/strong><\/h1><h2><strong>St\u00f8tteapparat og roller<\/strong><\/h2><p>Klubben er ansvarlig for \u00e5 ansette st\u00f8tteapparat for klubbens lag i seniorfotballen. Trenere og st\u00f8tteapparat er p\u00e5 disse lagene p\u00e5 kontrakter. Nestleder i styret lager kontrakter med st\u00f8tteapparatet.\u00a0 Hvert lag skal ha f\u00f8lgende roller:<\/p><ul><li style=\"list-style-type: none;\"><ul><li><a href=\"https:\/\/www.silfotball.no\/klubbhandbok\/6-lagenes-organisering\/#_Toc501082895\">Trener<\/a>(e)<\/li><li><a href=\"https:\/\/www.silfotball.no\/klubbhandbok\/6-lagenes-organisering\/#_Toc501082896\">Lagleder\/utstyrsansvarlig<\/a>\u00a0<\/li><li>Keepertrener<\/li><li>Fysioterapeut<\/li><\/ul><\/li><\/ul><h2><strong>Kompetansekrav<\/strong><\/h2><p>Trener:<\/p><p>NFF Grasrottrener\u00a0<\/p><ul><li>NFF Grasrottrener delkurs 1<\/li><li>NFF Grasrottrener delkurs 2<\/li><li>NFF Grasrottrener delkurs 3<\/li><li>NFF Grasrottrener delkurs 4<\/li><\/ul><p>UEFA B-lisens (ikke et krav, men det er \u00f8nskelig at hovedtrenere p\u00e5 disse lagene har minimum UEFA B-lisens)<\/p><p>Se <a href=\"https:\/\/www.silfotball.no\/klubbhandbok\/11-kompetanse-og-utdanning\/#_Toc501082928\">HER<\/a> for mer informasjon om trenerkurs.<\/p><p>Se <a href=\"https:\/\/www.fotball.no\/trener\/grasrottrener\/\">HER<\/a> for kurskalender<\/p>\t\t\t\t\t\t\t\t<\/div>\n\t\t\t\t<\/div>\n\t\t\t\t<div class=\"elementor-element elementor-element-679fdbf elementor-widget elementor-widget-text-editor\" data-id=\"679fdbf\" data-element_type=\"widget\" data-e-type=\"widget\" data-settings=\"{&quot;profecient_custom_cursor_toggle&quot;:false,&quot;profecient_parallax_effects_toggle&quot;:0,&quot;profecient_mouse_effects_toggle&quot;:0}\" data-widget_type=\"text-editor.default\">\n\t\t\t\t<div class=\"elementor-widget-container\">\n\t\t\t\t\t\t\t\t\t<h1><strong>Kamp<\/strong><\/h1><h2><strong>Spillform\u00a0<\/strong><\/h2><p>Spillform er 11er. Man spiller 11 mot 11 med keeper. 10 utespillere + 1 Keeper\u00a0<\/p><h2>Banest\u00f8rrelse<\/h2><p>Banest\u00f8rrelse er ca 100 * 60 meter.\u00a0<\/p><h2>Laginndeling<\/h2><p>I disse \u00e5rsklassene deles lagene inn etter kj\u00f8nn og hvilket \u00e5r barna er f\u00f8dt i. Lagene blir derfor G19 og J17 og\/eller J19*. Dersom spilleren fyller 17, 18 eller 19 \u00e5r i l\u00f8pet av \u00e5ret er han \u00e5 regne som G19, mens hun er \u00e5 regne som J17\/19* (*NB! Dette gjelder fordi det p\u00e5 jentesiden er f\u00f8lgende klasser per dd i ungdomsfotballen: J13-J15-J17-J19 og p\u00e5 guttesiden er det G13-G14-G16-G19).\u00a0 De mest interesserte spillere p\u00e5 disse \u00e5rskullene vil ogs\u00e5 v\u00e6re aktuelle for klubbens seniorlag (dame og herre).<\/p><p>Lagene i disse \u00e5rsklassene settes sammen etter interesse, treningsiver og ferdigheter. Disse lagene (G19, J19\/J17) m\u00e5 derfor sees i sammenheng med klubbens seniorlag. Spillerne blir plassert i tropper\/grupper ved \u00e5rets begynnelse, men det er alltid hospitering mellom grupper. Og endringer i tropper\/grupper evalueres ogs\u00e5 gjennom \u00e5ret, basert p\u00e5 spillernes interesse, utvikling og ferdigheter.<\/p><p>P\u00e5 guttesiden har vi et eller flere lag i G19-serien, mens vi p\u00e5 jentesiden har lag i J17 og\/eller J19.\u00a0<\/p><p>Ved flere lag i samme \u00e5rsklassen (for eksempel to lag i G19) skal lagsammensetningen diskuteres og avgj\u00f8res i m\u00f8ter mellom sportslig ledelse og lagets st\u00f8tteapparat.\u00a0<\/p><p>Spillere som fyller 15 og 16 \u00e5r, b\u00e5de gutter og jenter,\u00a0 kan ogs\u00e5 v\u00e6re aktuelle for b\u00e5de G19, J17, J19 og v\u00e5re seniorlag p\u00e5 herre- og damesiden. B\u00e5de permanent og naturligvis ogs\u00e5 ved hospitering.<\/p><h2>Lagsp\u00e5melding i serie<\/h2><p>Frist for p\u00e5melding i serie: 15. januar<\/p><p>Klubben ved sportssjef gjennomf\u00f8rer trenerm\u00f8te(r) i perioden november-januar. Klubben i samarbeid med st\u00f8tteapparatet for disse lagene er ansvarlige for \u00e5 gjennomf\u00f8re samtaler med aktuelle spillere slik at antallet spillere som \u00f8nsker \u00e5 delta p\u00e5 disse lagene er kartlagt f\u00f8r lagp\u00e5meldingens frist.\u00a0<\/p><p>Klubben og st\u00f8tteapparatet rundt laget blir i samarbeid enig om hvilke lag klubben b\u00f8r stille i seriespillet. Dette gj\u00f8res ogs\u00e5 i n\u00e6rt samarbeid med st\u00f8tteapparatene til lagene over og under (A-lag+G16 p\u00e5 guttesiden og A-lag+J17+J15 p\u00e5 jentesiden).<\/p><p>F\u00f8lgende lag er aktuelle:<\/p><ul><li>G19<\/li><li>J19<\/li><li>J17\u00a0\u00a0<\/li><\/ul><p>Det anbefales 14-18 spillere per lag,\u00a0avhengig av spillernes beste og klubbens forutsetninger.<\/p><p>Lagsp\u00e5melding i serie gj\u00f8res av sportssjef i FIKS.<\/p><h2>Spilletid<\/h2><ul><li>Alle som er uttatt i troppen til kamp skal ha mye spilletid (minimum 30 min), men spilletid kan variere fra spiller til spiller<\/li><li>I enkeltkamper som anses som viktige kan st\u00f8tteapparatet gj\u00f8re unntak fra dette, dersom trenerne for laget vurderer dette slik ut i fra sportslige hensyn. I slike tilfeller skal trenere\u00a0 kommunisere sin bakgrunn for valget ovenfor gitte spiller(e).<\/li><li>Antall kamper og hvilke kamper hver spiller er tatt ut i tropp til, kan ogs\u00e5 variere ut i fra interesse, treningsoppm\u00f8te og holdninger.<\/li><\/ul>\t\t\t\t\t\t\t\t<\/div>\n\t\t\t\t<\/div>\n\t\t\t\t\t<\/div>\n\t\t<\/div>\n\t\t\t\t<div class=\"elementor-column elementor-col-50 elementor-top-column elementor-element elementor-element-b32730e\" data-id=\"b32730e\" data-element_type=\"column\" data-e-type=\"column\" data-settings=\"{&quot;profecient_background_motion_effects_toggle&quot;:0,&quot;profecient_custom_cursor_toggle&quot;:false,&quot;profecient_parallax_effects_toggle&quot;:0,&quot;profecient_mouse_effects_toggle&quot;:0}\">\n\t\t\t<div class=\"elementor-widget-wrap elementor-element-populated\">\n\t\t\t\t\t\t<div class=\"elementor-element elementor-element-7db0ed5 elementor-widget elementor-widget-text-editor\" data-id=\"7db0ed5\" data-element_type=\"widget\" data-e-type=\"widget\" data-settings=\"{&quot;profecient_custom_cursor_toggle&quot;:false,&quot;profecient_parallax_effects_toggle&quot;:0,&quot;profecient_mouse_effects_toggle&quot;:0}\" data-widget_type=\"text-editor.default\">\n\t\t\t\t<div class=\"elementor-widget-container\">\n\t\t\t\t\t\t\t\t\t<h1>Trening<\/h1><p>Antall treninger per uke: 2-3 stk lagstreninger per uke (kan variere litt fra lag til lag og i l\u00f8pet av \u00e5ret). Klubben er for disse \u00e5rskullene veldig opptatt av \u00e5 koordinere\/tilpasse aktiviteten med aktiviteten p\u00e5 skolen (Videreg\u00e5ende Skole), og spesielt gjelder dette mot Idrettsfag (Toppidrett Fotball).\u00a0<\/p><p>Trenings\u00f8ktene skal planlegges slik at innholdet er tilrettelagt i forhold til spillernes alder, utviklingstrekk og modning.<\/p><p>Se <a href=\"https:\/\/silfotball.no\/sportsplan\/retningslinjer-for-var-fotballaktivitet-forklaring-av-viktige-begreper-prinsipper-og-modeller\/#_begrep005\">HER<\/a> for viktig ingredienser i &laquo;den gode \u00f8kta&raquo;.<\/p><p>Se <a href=\"https:\/\/silfotball.no\/sportsplan\/oppbygning-av-okta-12-ar-og-oppover-ovelsesutvalg\/\">HER <\/a>for oppbygning av \u00f8kta og \u00f8velsesutvalg for disse aldersgruppene.<\/p><p><span style=\"font-family: var( --e-global-typography-text-font-family ), Sans-serif; font-weight: var( --e-global-typography-text-font-weight );\">Samme innhold er ogs\u00e5 lagt inn i <a href=\"https:\/\/no-fotball.s2s.net\/home.php\">trenings\u00f8kta.no<\/a>.<\/span><\/p>\t\t\t\t\t\t\t\t<\/div>\n\t\t\t\t<\/div>\n\t\t\t\t<div class=\"elementor-element elementor-element-77d9b77 elementor-widget elementor-widget-text-editor\" data-id=\"77d9b77\" data-element_type=\"widget\" data-e-type=\"widget\" data-settings=\"{&quot;profecient_custom_cursor_toggle&quot;:false,&quot;profecient_parallax_effects_toggle&quot;:0,&quot;profecient_mouse_effects_toggle&quot;:0}\" data-widget_type=\"text-editor.default\">\n\t\t\t\t<div class=\"elementor-widget-container\">\n\t\t\t\t\t\t\t\t\t<h1>Turnering<\/h1><p>Se <a href=\"https:\/\/www.silfotball.no\/klubbhandbok\/7-klubbdrift-rutiner\/#_Toc501082914\">HER<\/a> for v\u00e5re turneringsregler.<\/p><p>NB! NM-kvallik for G\/J 19 \u00e5r ligger under her.\u00a0<\/p><p>Antall lag og spilletid: Samme som i seriespill.<\/p><p>Turneringsdeltakelsen m\u00e5 oppfylle kravene til <a href=\"https:\/\/www.fotball.no\/barn-og-ungdom\/verdier-og-virkemidler\/idrettens-barnerettigheter-og-bestemmelser3\/\">idrettens barnerettigheter og bestemmelser.<\/a><\/p><p>St\u00f8tteapparatet bes ta kontakt med sportssjef ved usikkerhet knyttet til avgj\u00f8relser rundt dette.\u00a0<\/p>\t\t\t\t\t\t\t\t<\/div>\n\t\t\t\t<\/div>\n\t\t\t\t<div class=\"elementor-element elementor-element-10050a3 elementor-widget elementor-widget-text-editor\" data-id=\"10050a3\" data-element_type=\"widget\" data-e-type=\"widget\" data-settings=\"{&quot;profecient_custom_cursor_toggle&quot;:false,&quot;profecient_parallax_effects_toggle&quot;:0,&quot;profecient_mouse_effects_toggle&quot;:0}\" data-widget_type=\"text-editor.default\">\n\t\t\t\t<div class=\"elementor-widget-container\">\n\t\t\t\t\t\t\t\t\t<h1>Differensiering<\/h1><p><span style=\"font-family: var( --e-global-typography-text-font-family ), Sans-serif; font-weight: var( --e-global-typography-text-font-weight );\">I dette alderssegmentet differensierer vi p\u00e5 f\u00f8lgende m\u00e5ter:\u00a0<\/span><span style=\"font-family: var( --e-global-typography-text-font-family ), Sans-serif; font-weight: var( --e-global-typography-text-font-weight );\">\u00a0<\/span><\/p><ol><li>Organisatorisk differensiering p\u00e5 feltet\u00a0<\/li><li>Pedagogisk differensiering p\u00e5 feltet<\/li><li>Hospitering (se mer under)<\/li><\/ol><p>Ser <a href=\"https:\/\/silfotball.no\/sportsplan\/retningslinjer-for-var-fotballaktivitet-forklaring-av-viktige-begreper-prinsipper-og-modeller\/#_begrep008\">HER<\/a> for mer informasjon om differensiering.\u00a0<\/p>\t\t\t\t\t\t\t\t<\/div>\n\t\t\t\t<\/div>\n\t\t\t\t<div class=\"elementor-element elementor-element-44351c4 elementor-widget elementor-widget-text-editor\" data-id=\"44351c4\" data-element_type=\"widget\" data-e-type=\"widget\" data-settings=\"{&quot;profecient_custom_cursor_toggle&quot;:false,&quot;profecient_parallax_effects_toggle&quot;:0,&quot;profecient_mouse_effects_toggle&quot;:0}\" data-widget_type=\"text-editor.default\">\n\t\t\t\t<div class=\"elementor-widget-container\">\n\t\t\t\t\t\t\t\t\t<h1>Hospitering<\/h1><p>For dette alderssegmentet <em><strong>skal<\/strong><\/em> det tilrettelegges for hospitering. Hospitering i disse \u00e5rsklassene kan ogs\u00e5 v\u00e6re hospitering i andre klubber.<\/p><p>Se <a href=\"https:\/\/silfotball.no\/sportsplan\/retningslinjer-for-var-fotballaktivitet-forklaring-av-viktige-begreper-prinsipper-og-modeller\/#_begrep010\">HER<\/a> for mer informasjon om hospitering og hospiteringsregler.<\/p>\t\t\t\t\t\t\t\t<\/div>\n\t\t\t\t<\/div>\n\t\t\t\t<div class=\"elementor-element elementor-element-0531c6a elementor-widget elementor-widget-text-editor\" data-id=\"0531c6a\" data-element_type=\"widget\" data-e-type=\"widget\" data-settings=\"{&quot;profecient_custom_cursor_toggle&quot;:false,&quot;profecient_parallax_effects_toggle&quot;:0,&quot;profecient_mouse_effects_toggle&quot;:0}\" data-widget_type=\"text-editor.default\">\n\t\t\t\t<div class=\"elementor-widget-container\">\n\t\t\t\t\t\t\t\t\t<h1>Samarbeid Videreg\u00e5ende skole<\/h1><p>Klubben har samarbeid med Sandenssj\u00f8en Videreg\u00e5ende Skole (Idrettsfag\/Toppfotball). Faktorer som er viktige i dette samarbeidet:<\/p><ul><li>Koordinering av treningstider (treningsdager\/ukesplaner)<\/li><li>Individuell utvikling (testing, treningsprogram og oppf\u00f8lging)<\/li><li>\u00c5rshjul skole (turer, reiser etc) vs \u00c5rshjul klubb (terminlister, kamper etc)<\/li><\/ul>\t\t\t\t\t\t\t\t<\/div>\n\t\t\t\t<\/div>\n\t\t\t\t<div class=\"elementor-element elementor-element-1b756bc elementor-widget elementor-widget-text-editor\" data-id=\"1b756bc\" data-element_type=\"widget\" data-e-type=\"widget\" data-settings=\"{&quot;profecient_custom_cursor_toggle&quot;:false,&quot;profecient_parallax_effects_toggle&quot;:0,&quot;profecient_mouse_effects_toggle&quot;:0}\" data-widget_type=\"text-editor.default\">\n\t\t\t\t<div class=\"elementor-widget-container\">\n\t\t\t\t\t\t\t\t\t<h1>Kommunikasjon og hjelpemidler<\/h1><p>Se mer informasjon <a href=\"https:\/\/www.silfotball.no\/klubbhandbok\/9-informasjon-kommunikasjon\/\">HER<\/a><\/p><p>St\u00f8tteapparatet (\u00e9n eller flere trenere\/lagleder) rundt hvert lag m\u00e5 ha brukertilgang til <a href=\"https:\/\/fiks.fotball.no\/FiksWeb\/Login\">FIKS (Fotballens Informasjon &#8211; og kommunikasjonssystem)<\/a>. FIKS benyttes til \u00e5 administrere og gjennomf\u00f8re all fotballaktivitet i NFF-regi. Det betyr blant annet at alle fotballkamper, baner, spillere, dommere, kamprapporter og klubb- og lagroller er registrert i FIKS. Innhenting og administrasjon av data gj\u00f8res av forbund, krets og klubb i fellesskap. FIKS er kilden til fotballdata som publiseres p\u00e5 fotball.no og appen &laquo;Minfotball&raquo;.<\/p><p>Appen &laquo;Min Fotball&raquo; er et flott hjelpemiddel for st\u00f8tteapparat og foreldre. Her finner man enkelt oversikt over terminlister og kamper for sitt lag.<\/p>\t\t\t\t\t\t\t\t<\/div>\n\t\t\t\t<\/div>\n\t\t\t\t<div class=\"elementor-element elementor-element-e8876a6 elementor-widget elementor-widget-text-editor\" data-id=\"e8876a6\" data-element_type=\"widget\" data-e-type=\"widget\" data-settings=\"{&quot;profecient_custom_cursor_toggle&quot;:false,&quot;profecient_parallax_effects_toggle&quot;:0,&quot;profecient_mouse_effects_toggle&quot;:0}\" data-widget_type=\"text-editor.default\">\n\t\t\t\t<div class=\"elementor-widget-container\">\n\t\t\t\t\t\t\t\t\t<h1>Spilleroverganger<\/h1><div>Dersom det er aktuelt med en overgang for en spiller fra annen klubb skal daglig leder\/overgangsansvarlig i SIL Fotball kontaktes. SIL Fotball informerer tidligere klubb og ordner overgangen mellom klubbene.<\/div>\t\t\t\t\t\t\t\t<\/div>\n\t\t\t\t<\/div>\n\t\t\t\t<div class=\"elementor-element elementor-element-61de13a elementor-widget elementor-widget-text-editor\" data-id=\"61de13a\" data-element_type=\"widget\" data-e-type=\"widget\" data-settings=\"{&quot;profecient_custom_cursor_toggle&quot;:false,&quot;profecient_parallax_effects_toggle&quot;:0,&quot;profecient_mouse_effects_toggle&quot;:0}\" data-widget_type=\"text-editor.default\">\n\t\t\t\t<div class=\"elementor-widget-container\">\n\t\t\t\t\t\t\t\t\t<h1><strong>Forsikring og rutiner ved skader<\/strong><\/h1><p>Spillere som har fylt 12 \u00e5r m\u00e5 v\u00e6re registrert i FIKS som aktive med lagsforsikring innev\u00e6rende sesong for \u00e5 v\u00e6re dekket av forsikringsordningen.<\/p><p>Se <a href=\"https:\/\/www.silfotball.no\/klubbhandbok\/7-klubbdrift-rutiner\/#_Toc501082905\">HER<\/a> for mer informasjon.<\/p>\t\t\t\t\t\t\t\t<\/div>\n\t\t\t\t<\/div>\n\t\t\t\t<div class=\"elementor-element elementor-element-ea7ad23 elementor-widget elementor-widget-text-editor\" data-id=\"ea7ad23\" data-element_type=\"widget\" data-e-type=\"widget\" data-settings=\"{&quot;profecient_custom_cursor_toggle&quot;:false,&quot;profecient_parallax_effects_toggle&quot;:0,&quot;profecient_mouse_effects_toggle&quot;:0}\" data-widget_type=\"text-editor.default\">\n\t\t\t\t<div class=\"elementor-widget-container\">\n\t\t\t\t\t\t\t\t\t<h1><strong>Medlemsavgift og treningsavgift<\/strong><\/h1><p>Se <a href=\"https:\/\/www.silfotball.no\/klubbhandbok\/7-klubbdrift-rutiner\/#_Toc501082901\">HER<\/a> for mer informasjon.<\/p>\t\t\t\t\t\t\t\t<\/div>\n\t\t\t\t<\/div>\n\t\t\t\t<div class=\"elementor-element elementor-element-dd83333 elementor-widget elementor-widget-text-editor\" data-id=\"dd83333\" data-element_type=\"widget\" data-e-type=\"widget\" data-settings=\"{&quot;profecient_custom_cursor_toggle&quot;:false,&quot;profecient_parallax_effects_toggle&quot;:0,&quot;profecient_mouse_effects_toggle&quot;:0}\" data-widget_type=\"text-editor.default\">\n\t\t\t\t<div class=\"elementor-widget-container\">\n\t\t\t\t\t\t\t\t\t<h1>Private akt\u00f8rer<\/h1><p>Vi overlater det til hvert enkelt medlem og deres foresatte (dersom spiller er under 18 \u00e5r) \u00e5 bestemme om de vil delta p\u00e5 tilbud drevet av private akt\u00f8rer.\u00a0<\/p><p>Vi tar avstand fra all aktivitet drevet av akt\u00f8rer som bryter med NFFs og NIFs retningslinjer for barne- og ungdomsfotball.<\/p>\t\t\t\t\t\t\t\t<\/div>\n\t\t\t\t<\/div>\n\t\t\t\t\t<\/div>\n\t\t<\/div>\n\t\t\t\t\t<\/div>\n\t\t<\/section>\n\t\t\t\t<section class=\"elementor-section elementor-top-section elementor-element elementor-element-d9821ec elementor-section-boxed elementor-section-height-default elementor-section-height-default\" data-id=\"d9821ec\" data-element_type=\"section\" data-e-type=\"section\" data-settings=\"{&quot;profecient_background_motion_effects_toggle&quot;:0,&quot;profecient_custom_cursor_toggle&quot;:false,&quot;profecient_parallax_effects_toggle&quot;:0,&quot;profecient_mouse_effects_toggle&quot;:0}\">\n\t\t\t\t\t\t<div class=\"elementor-container elementor-column-gap-default\">\n\t\t\t\t\t<div class=\"elementor-column elementor-col-100 elementor-top-column elementor-element elementor-element-bee9781\" data-id=\"bee9781\" data-element_type=\"column\" data-e-type=\"column\" data-settings=\"{&quot;profecient_background_motion_effects_toggle&quot;:0,&quot;profecient_custom_cursor_toggle&quot;:false,&quot;profecient_parallax_effects_toggle&quot;:0,&quot;profecient_mouse_effects_toggle&quot;:0}\">\n\t\t\t<div class=\"elementor-widget-wrap elementor-element-populated\">\n\t\t\t\t\t\t<div class=\"elementor-element elementor-element-594e427 elementor-widget elementor-widget-spacer\" data-id=\"594e427\" data-element_type=\"widget\" data-e-type=\"widget\" data-settings=\"{&quot;profecient_custom_cursor_toggle&quot;:false,&quot;profecient_parallax_effects_toggle&quot;:0,&quot;profecient_mouse_effects_toggle&quot;:0}\" data-widget_type=\"spacer.default\">\n\t\t\t\t<div class=\"elementor-widget-container\">\n\t\t\t\t\t\t\t<div class=\"elementor-spacer\">\n\t\t\t<div class=\"elementor-spacer-inner\"><\/div>\n\t\t<\/div>\n\t\t\t\t\t\t<\/div>\n\t\t\t\t<\/div>\n\t\t\t\t\t<\/div>\n\t\t<\/div>\n\t\t\t\t\t<\/div>\n\t\t<\/section>\n\t\t\t\t<section class=\"elementor-section elementor-top-section elementor-element elementor-element-83361cb elementor-section-boxed elementor-section-height-default elementor-section-height-default\" data-id=\"83361cb\" data-element_type=\"section\" data-e-type=\"section\" data-settings=\"{&quot;profecient_background_motion_effects_toggle&quot;:0,&quot;profecient_custom_cursor_toggle&quot;:false,&quot;profecient_parallax_effects_toggle&quot;:0,&quot;profecient_mouse_effects_toggle&quot;:0}\">\n\t\t\t\t\t\t<div class=\"elementor-container elementor-column-gap-default\">\n\t\t\t\t\t<div class=\"elementor-column elementor-col-50 elementor-top-column elementor-element elementor-element-266c9e4\" data-id=\"266c9e4\" data-element_type=\"column\" data-e-type=\"column\" data-settings=\"{&quot;profecient_background_motion_effects_toggle&quot;:0,&quot;profecient_custom_cursor_toggle&quot;:false,&quot;profecient_parallax_effects_toggle&quot;:0,&quot;profecient_mouse_effects_toggle&quot;:0}\">\n\t\t\t<div class=\"elementor-widget-wrap elementor-element-populated\">\n\t\t\t\t\t\t<div class=\"elementor-element elementor-element-b93d643 elementor-widget elementor-widget-button\" data-id=\"b93d643\" data-element_type=\"widget\" data-e-type=\"widget\" data-settings=\"{&quot;profecient_custom_cursor_toggle&quot;:false,&quot;profecient_parallax_effects_toggle&quot;:0,&quot;profecient_mouse_effects_toggle&quot;:0}\" data-widget_type=\"button.default\">\n\t\t\t\t<div class=\"elementor-widget-container\">\n\t\t\t\t\t\t\t\t\t<div class=\"elementor-button-wrapper\">\n\t\t\t\t\t<a class=\"elementor-button elementor-button-link elementor-size-sm\" href=\"https:\/\/silfotball.no\/sportsplan\/15-16-arsklassene\">\n\t\t\t\t\t\t<span class=\"elementor-button-content-wrapper\">\n\t\t\t\t\t\t<span class=\"elementor-button-icon\">\n\t\t\t\t<i aria-hidden=\"true\" class=\"fas fa-arrow-left\"><\/i>\t\t\t<\/span>\n\t\t\t\t\t\t\t\t\t<span class=\"elementor-button-text\">15-16 \u00c5RSKLASSENE<\/span>\n\t\t\t\t\t<\/span>\n\t\t\t\t\t<\/a>\n\t\t\t\t<\/div>\n\t\t\t\t\t\t\t\t<\/div>\n\t\t\t\t<\/div>\n\t\t\t\t\t<\/div>\n\t\t<\/div>\n\t\t\t\t<div class=\"elementor-column elementor-col-50 elementor-top-column elementor-element elementor-element-4f0b11a\" data-id=\"4f0b11a\" data-element_type=\"column\" data-e-type=\"column\" data-settings=\"{&quot;profecient_background_motion_effects_toggle&quot;:0,&quot;profecient_custom_cursor_toggle&quot;:false,&quot;profecient_parallax_effects_toggle&quot;:0,&quot;profecient_mouse_effects_toggle&quot;:0}\">\n\t\t\t<div class=\"elementor-widget-wrap elementor-element-populated\">\n\t\t\t\t\t\t<div class=\"elementor-element elementor-element-aec998b elementor-align-right elementor-widget elementor-widget-button\" data-id=\"aec998b\" data-element_type=\"widget\" data-e-type=\"widget\" data-settings=\"{&quot;profecient_custom_cursor_toggle&quot;:false,&quot;profecient_parallax_effects_toggle&quot;:0,&quot;profecient_mouse_effects_toggle&quot;:0}\" data-widget_type=\"button.default\">\n\t\t\t\t<div class=\"elementor-widget-container\">\n\t\t\t\t\t\t\t\t\t<div class=\"elementor-button-wrapper\">\n\t\t\t\t\t<a class=\"elementor-button elementor-button-link elementor-size-sm\" href=\"https:\/\/silfotball.no\/sportsplan\/seniorfotball\">\n\t\t\t\t\t\t<span class=\"elementor-button-content-wrapper\">\n\t\t\t\t\t\t<span class=\"elementor-button-icon\">\n\t\t\t\t<i aria-hidden=\"true\" class=\"fas fa-arrow-right\"><\/i>\t\t\t<\/span>\n\t\t\t\t\t\t\t\t\t<span class=\"elementor-button-text\">SENIORFOTBALL<\/span>\n\t\t\t\t\t<\/span>\n\t\t\t\t\t<\/a>\n\t\t\t\t<\/div>\n\t\t\t\t\t\t\t\t<\/div>\n\t\t\t\t<\/div>\n\t\t\t\t\t<\/div>\n\t\t<\/div>\n\t\t\t\t\t<\/div>\n\t\t<\/section>\n\t\t\t\t<\/div>\n\t\t","protected":false},"excerpt":{"rendered":"<p>M\u00e5l &laquo;\u00c5 gi hvert medlem et godt tilbud i et godt milj\u00f8 med tilpasset og utviklende aktivitet&raquo;. I disse aldersgruppene er det ogs\u00e5 en m\u00e5lsetning \u00e5 beholde flest mulig. Organisering St\u00f8tteapparat og roller Klubben er ansvarlig for \u00e5 ansette st\u00f8tteapparat for klubbens lag i seniorfotballen. Trenere og st\u00f8tteapparat er p\u00e5 disse lagene p\u00e5 kontrakter. Nestleder [&hellip;]<\/p>\n","protected":false},"author":1,"featured_media":0,"parent":0,"menu_order":0,"comment_status":"closed","ping_status":"closed","template":"","meta":{"footnotes":""},"class_list":["post-1407","page","type-page","status-publish","hentry"],"_links":{"self":[{"href":"https:\/\/silfotball.no\/sportsplan\/wp-json\/wp\/v2\/pages\/1407","targetHints":{"allow":["GET"]}}],"collection":[{"href":"https:\/\/silfotball.no\/sportsplan\/wp-json\/wp\/v2\/pages"}],"about":[{"href":"https:\/\/silfotball.no\/sportsplan\/wp-json\/wp\/v2\/types\/page"}],"author":[{"embeddable":true,"href":"https:\/\/silfotball.no\/sportsplan\/wp-json\/wp\/v2\/users\/1"}],"replies":[{"embeddable":true,"href":"https:\/\/silfotball.no\/sportsplan\/wp-json\/wp\/v2\/comments?post=1407"}],"version-history":[{"count":79,"href":"https:\/\/silfotball.no\/sportsplan\/wp-json\/wp\/v2\/pages\/1407\/revisions"}],"predecessor-version":[{"id":3373,"href":"https:\/\/silfotball.no\/sportsplan\/wp-json\/wp\/v2\/pages\/1407\/revisions\/3373"}],"wp:attachment":[{"href":"https:\/\/silfotball.no\/sportsplan\/wp-json\/wp\/v2\/media?parent=1407"}],"curies":[{"name":"wp","href":"https:\/\/api.w.org\/{rel}","templated":true}]}}