{"id":1405,"date":"2021-02-09T09:47:58","date_gmt":"2021-02-09T09:47:58","guid":{"rendered":"https:\/\/silfotball.no\/sportsplan\/?page_id=1405"},"modified":"2021-03-17T17:25:11","modified_gmt":"2021-03-17T17:25:11","slug":"14-arsklassen","status":"publish","type":"page","link":"https:\/\/silfotball.no\/sportsplan\/14-arsklassen\/","title":{"rendered":"14-\u00e5rsklassen"},"content":{"rendered":"\t\t<div data-elementor-type=\"wp-page\" data-elementor-id=\"1405\" class=\"elementor elementor-1405\" data-elementor-settings=\"{&quot;profecient_custom_cursor_toggle&quot;:false}\">\n\t\t\t\t\t\t<section class=\"elementor-section elementor-top-section elementor-element elementor-element-1b9464b elementor-section-boxed elementor-section-height-default elementor-section-height-default\" data-id=\"1b9464b\" data-element_type=\"section\" data-e-type=\"section\" data-settings=\"{&quot;profecient_background_motion_effects_toggle&quot;:0,&quot;profecient_custom_cursor_toggle&quot;:false,&quot;profecient_parallax_effects_toggle&quot;:0,&quot;profecient_mouse_effects_toggle&quot;:0}\">\n\t\t\t\t\t\t<div class=\"elementor-container elementor-column-gap-default\">\n\t\t\t\t\t<div class=\"elementor-column elementor-col-50 elementor-top-column elementor-element elementor-element-9ec03cb\" data-id=\"9ec03cb\" data-element_type=\"column\" data-e-type=\"column\" data-settings=\"{&quot;profecient_background_motion_effects_toggle&quot;:0,&quot;profecient_custom_cursor_toggle&quot;:false,&quot;profecient_parallax_effects_toggle&quot;:0,&quot;profecient_mouse_effects_toggle&quot;:0}\">\n\t\t\t<div class=\"elementor-widget-wrap elementor-element-populated\">\n\t\t\t\t\t\t<div class=\"elementor-element elementor-element-ca75709 elementor-widget elementor-widget-text-editor\" data-id=\"ca75709\" data-element_type=\"widget\" data-e-type=\"widget\" data-settings=\"{&quot;profecient_custom_cursor_toggle&quot;:false,&quot;profecient_parallax_effects_toggle&quot;:0,&quot;profecient_mouse_effects_toggle&quot;:0}\" data-widget_type=\"text-editor.default\">\n\t\t\t\t<div class=\"elementor-widget-container\">\n\t\t\t\t\t\t\t\t\t<h1><strong>M\u00e5l<\/strong><\/h1><p>&laquo;\u00c5 gi hvert medlem et godt tilbud i et godt milj\u00f8 med tilpasset og utviklende aktivitet&raquo;.<\/p><p>I disse aldersgruppene er det ogs\u00e5 en m\u00e5lsetning \u00e5 beholde flest mulig.<\/p>\t\t\t\t\t\t\t\t<\/div>\n\t\t\t\t<\/div>\n\t\t\t\t<div class=\"elementor-element elementor-element-e8c4537 elementor-widget elementor-widget-text-editor\" data-id=\"e8c4537\" data-element_type=\"widget\" data-e-type=\"widget\" data-settings=\"{&quot;profecient_custom_cursor_toggle&quot;:false,&quot;profecient_parallax_effects_toggle&quot;:0,&quot;profecient_mouse_effects_toggle&quot;:0}\" data-widget_type=\"text-editor.default\">\n\t\t\t\t<div class=\"elementor-widget-container\">\n\t\t\t\t\t\t\t\t\t<h1><strong>Organisering<\/strong><\/h1><h2><strong>St\u00f8tteapparat og roller<\/strong><\/h2><p>Det er viktig at klubb og foreldregruppe f\u00e5r satt et robust <a href=\"https:\/\/www.silfotball.no\/klubbhandbok\/6-lagenes-organisering\/#_Toc501082894\">st\u00f8tteapparat<\/a> allerede fra oppstarten. Hvert lag skal ha f\u00f8lgende roller:<\/p><ul><li><a href=\"https:\/\/www.silfotball.no\/klubbhandbok\/6-lagenes-organisering\/#_Toc501082895\">Trener <\/a><\/li><li><a href=\"https:\/\/www.silfotball.no\/klubbhandbok\/6-lagenes-organisering\/#_Toc501082896\">Lagleder\/utstyrsansvarlig<\/a><\/li><li><a href=\"https:\/\/www.silfotball.no\/klubbhandbok\/6-lagenes-organisering\/#_Toc501082897\">Foreldrekontakt<\/a><\/li><li><a href=\"https:\/\/www.silfotball.no\/klubbhandbok\/6-lagenes-organisering\/#_Toc501082897\">\u00d8konomiansvarlig<\/a><\/li><\/ul><h2><strong>Kompetansekrav<\/strong><\/h2><p>Trener:<\/p><p>NFF Grasrottrener\u00a0<\/p><ul><li>NFF Grasrottrener delkurs 1<\/li><li>NFF Grasrottrener delkurs 2<\/li><li>NFF Grasrottrener delkurs 3<\/li><li>NFF Grasrottrener delkurs 4<\/li><\/ul><p>Se <a href=\"https:\/\/www.silfotball.no\/klubbhandbok\/11-kompetanse-og-utdanning\/#_Toc501082928\">HER<\/a> for mer informasjon om trenerkurs.<\/p><p>Se <a href=\"https:\/\/www.fotball.no\/trener\/grasrottrener\/\">HER<\/a> for kurskalender<\/p>\t\t\t\t\t\t\t\t<\/div>\n\t\t\t\t<\/div>\n\t\t\t\t<div class=\"elementor-element elementor-element-41da06c elementor-widget elementor-widget-text-editor\" data-id=\"41da06c\" data-element_type=\"widget\" data-e-type=\"widget\" data-settings=\"{&quot;profecient_custom_cursor_toggle&quot;:false,&quot;profecient_parallax_effects_toggle&quot;:0,&quot;profecient_mouse_effects_toggle&quot;:0}\" data-widget_type=\"text-editor.default\">\n\t\t\t\t<div class=\"elementor-widget-container\">\n\t\t\t\t\t\t\t\t\t<h1><strong>Kamp<\/strong><\/h1><h2><strong>Spillform\u00a0<\/strong><\/h2><p>Spillform er 11er. Man spiller 11 mot 11 med keeper. 10 utespillere + 1 Keeper\u00a0<\/p><h2>Banest\u00f8rrelse<\/h2><p>Banest\u00f8rrelse er ca 100 * 60 meter.\u00a0<\/p><h2>Laginndeling<\/h2><p>I denne \u00e5rsklassen deles lagene inn etter kj\u00f8nn og hvilket \u00e5r barna er f\u00f8dt i. Lagene blir derfor G14 og J15*. Dersom spilleren fyller 14 \u00e5r i l\u00f8pet av \u00e5ret er han \u00e5 regne som G14, mens hun er \u00e5 regne som J15* (*NB! Dette gjelder fordi det p\u00e5 jentesiden er f\u00f8lgende klasser per dd i ungdomsfotballen: J13-J15-J17-J19). Alle spillere samles p\u00e5 tvers av skolekretser og trener sammen.<\/p><p>Lagene kan settes sammen etter interesse og ferdigheter.\u00a0 I SIL Fotball har vi ofte i stedet landet p\u00e5 modeller med flere lag per kull der spillere rullerer mellom ulike lag innenfor samme \u00e5rsklasse (innenfor gitte regelverk). P\u00e5 denne m\u00e5ten mener vi at vi ivaretar v\u00e5r visjon (flest mulig &#8211; lengt mulig- best mulig) i st\u00f8rst mulig grad.\u00a0<\/p><p>Ved flere lag i denne \u00e5rsklassen skal lagsammensetningen diskuteres og avgj\u00f8res i m\u00f8ter mellom sportslig ledelse og lagets st\u00f8tteapparat.\u00a0<\/p><h2>Lagsp\u00e5melding i serie<\/h2><p>Frist for p\u00e5melding i serie: 15. januar.<\/p><p>Klubben ved sportssjef gjennomf\u00f8rer trenerm\u00f8te(r) i perioden november-januar. St\u00f8tteapparatet gjennomf\u00f8rer deretter foreldrem\u00f8ter etter maler fra klubben.<\/p><p>Gjennom foreldrem\u00f8tene og dialog med spillernes foresatte m\u00e5 lagets st\u00f8tteapparatet kartlegge antall spillere som er aktuelle for den kommende sesongen. Dette m\u00e5 gj\u00f8res i forkant av p\u00e5meldingsfristen, slik at klubb og st\u00f8tteapparat best mulig kan avgj\u00f8re antall lag som skal meldes p\u00e5 i seriespillet.\u00a0<\/p><p>Det anbefales 14-18 spillere per lag,\u00a0avhengig av spillernes beste og klubbens forutsetninger.<\/p><p>Lagsp\u00e5melding i serie gj\u00f8res av sportssjef i FIKS.<\/p><h2>Spilletid<\/h2><ul><li>Alle som er uttatt i troppen til kamp skal ha mye spilletid (minimum 1.omgang), men spilletid kan variere fra spiller til spiller.<\/li><li>Antall kamper og hvilke kamper hver spiller er tatt ut p\u00e5 kan ogs\u00e5 variere ut i fra interesse, treningsoppm\u00f8te og holdninger.<\/li><\/ul>\t\t\t\t\t\t\t\t<\/div>\n\t\t\t\t<\/div>\n\t\t\t\t<div class=\"elementor-element elementor-element-09df631 elementor-widget elementor-widget-text-editor\" data-id=\"09df631\" data-element_type=\"widget\" data-e-type=\"widget\" data-settings=\"{&quot;profecient_custom_cursor_toggle&quot;:false,&quot;profecient_parallax_effects_toggle&quot;:0,&quot;profecient_mouse_effects_toggle&quot;:0}\" data-widget_type=\"text-editor.default\">\n\t\t\t\t<div class=\"elementor-widget-container\">\n\t\t\t\t\t\t\t\t\t<h1>Trening<\/h1><p>Antall treninger per uke: 2-3 stk lagstreninger per uke (kan variere litt fra lag til lag og i l\u00f8pet av \u00e5ret). Klubben er opptatt av \u00e5 koordinere\/tilpasse aktiviteten i samarbeid med andre idretter\/aktiviteter.<\/p><p>Trenings\u00f8ktene skal planlegges slik at innholdet er tilrettelagt i forhold til spillernes alder, utviklingstrekk og modning.<\/p><p>Se <a href=\"https:\/\/silfotball.no\/sportsplan\/retningslinjer-for-var-fotballaktivitet-forklaring-av-viktige-begreper-prinsipper-og-modeller\/#_begrep005\">HER<\/a> for viktig ingredienser i &laquo;den gode \u00f8kta&raquo;.<\/p><p>Se <a href=\"https:\/\/silfotball.no\/sportsplan\/oppbygning-av-okta-12-ar-og-oppover-ovelsesutvalg\/\">HER <\/a>for oppbygning av \u00f8kta og \u00f8velsesutvalg for disse aldersgruppene.<\/p><p><span style=\"font-family: var( --e-global-typography-text-font-family ), Sans-serif; font-weight: var( --e-global-typography-text-font-weight );\">Du finner ogs\u00e5 det samme via <a href=\"https:\/\/no-fotball.s2s.net\/home.php\">trenings\u00f8kta.no<\/a>.<\/span><\/p><h3>NFF-dokument for overgang 9er til 11er<\/h3><p>Se ogs\u00e5 NFFs dokument &laquo;Mot det ferdige spillet&raquo; for overgangen fra 9er til 11er\u00a0<a href=\"https:\/\/www.fotball.no\/globalassets\/barn-og-ungdom\/verdier-og-virkemidler\/mot-det-ferdige-spille_nierfotball.pdf\">HER<\/a><\/p>\t\t\t\t\t\t\t\t<\/div>\n\t\t\t\t<\/div>\n\t\t\t\t\t<\/div>\n\t\t<\/div>\n\t\t\t\t<div class=\"elementor-column elementor-col-50 elementor-top-column elementor-element elementor-element-c65b48d\" data-id=\"c65b48d\" data-element_type=\"column\" data-e-type=\"column\" data-settings=\"{&quot;profecient_background_motion_effects_toggle&quot;:0,&quot;profecient_custom_cursor_toggle&quot;:false,&quot;profecient_parallax_effects_toggle&quot;:0,&quot;profecient_mouse_effects_toggle&quot;:0}\">\n\t\t\t<div class=\"elementor-widget-wrap elementor-element-populated\">\n\t\t\t\t\t\t<div class=\"elementor-element elementor-element-3692c7f elementor-widget elementor-widget-text-editor\" data-id=\"3692c7f\" data-element_type=\"widget\" data-e-type=\"widget\" data-settings=\"{&quot;profecient_custom_cursor_toggle&quot;:false,&quot;profecient_parallax_effects_toggle&quot;:0,&quot;profecient_mouse_effects_toggle&quot;:0}\" data-widget_type=\"text-editor.default\">\n\t\t\t\t<div class=\"elementor-widget-container\">\n\t\t\t\t\t\t\t\t\t<h1>Turnering<\/h1><p>Se <a href=\"https:\/\/www.silfotball.no\/klubbhandbok\/7-klubbdrift-rutiner\/#_Toc501082914\">HER<\/a> for v\u00e5re turneringsregler.\u00a0<\/p><p>Antall lag og spilletid: Samme som i seriespill.<\/p><p>Turneringsdeltakelsen m\u00e5 oppfylle kravene til <a href=\"https:\/\/www.fotball.no\/barn-og-ungdom\/verdier-og-virkemidler\/idrettens-barnerettigheter-og-bestemmelser3\/\">idrettens barnerettigheter og bestemmelser.<\/a><\/p><p>St\u00f8tteapparatet bes ta kontakt med sportssjef ved usikkerhet knyttet til avgj\u00f8relser rundt dette.\u00a0<\/p>\t\t\t\t\t\t\t\t<\/div>\n\t\t\t\t<\/div>\n\t\t\t\t<div class=\"elementor-element elementor-element-dd5d57c elementor-widget elementor-widget-text-editor\" data-id=\"dd5d57c\" data-element_type=\"widget\" data-e-type=\"widget\" data-settings=\"{&quot;profecient_custom_cursor_toggle&quot;:false,&quot;profecient_parallax_effects_toggle&quot;:0,&quot;profecient_mouse_effects_toggle&quot;:0}\" data-widget_type=\"text-editor.default\">\n\t\t\t\t<div class=\"elementor-widget-container\">\n\t\t\t\t\t\t\t\t\t<h1>Differensiering<\/h1><p><span style=\"font-family: var( --e-global-typography-text-font-family ), Sans-serif; font-weight: var( --e-global-typography-text-font-weight );\">I dette alderssegmentet differensierer vi p\u00e5 f\u00f8lgende m\u00e5ter:\u00a0<\/span><\/p><ol><li>Differensiert tilbud (klubbdifferensiering) &#8211; Se ekstratilbud lengre ned p\u00e5 siden.\u00a0<\/li><li>Organisatorisk differensiering p\u00e5 feltet\u00a0<\/li><li>Pedagogisk differensiering p\u00e5 feltet<\/li><li>Hospitering (se mer under)<\/li><\/ol><p>Ser <a href=\"https:\/\/silfotball.no\/sportsplan\/retningslinjer-for-var-fotballaktivitet-forklaring-av-viktige-begreper-prinsipper-og-modeller\/#_begrep008\">HER<\/a> for mer informasjon om differensiering.\u00a0<\/p>\t\t\t\t\t\t\t\t<\/div>\n\t\t\t\t<\/div>\n\t\t\t\t<div class=\"elementor-element elementor-element-093591c elementor-widget elementor-widget-text-editor\" data-id=\"093591c\" data-element_type=\"widget\" data-e-type=\"widget\" data-settings=\"{&quot;profecient_custom_cursor_toggle&quot;:false,&quot;profecient_parallax_effects_toggle&quot;:0,&quot;profecient_mouse_effects_toggle&quot;:0}\" data-widget_type=\"text-editor.default\">\n\t\t\t\t<div class=\"elementor-widget-container\">\n\t\t\t\t\t\t\t\t\t<h1>Hospitering<\/h1><p>For dette alderssegmentet <em><strong>skal<\/strong><\/em> det tilrettelegges for hospitering. Hospitering i denne \u00e5rsklassen kan ogs\u00e5 v\u00e6re hospitering i andre klubber (ref. ekstratilbud under).<\/p><p>Se <a href=\"https:\/\/silfotball.no\/sportsplan\/retningslinjer-for-var-fotballaktivitet-forklaring-av-viktige-begreper-prinsipper-og-modeller\/#_begrep010\">HER<\/a> for mer informasjon om hospitering og hospiteringsregler.<\/p>\t\t\t\t\t\t\t\t<\/div>\n\t\t\t\t<\/div>\n\t\t\t\t<div class=\"elementor-element elementor-element-7b534b5 elementor-widget elementor-widget-text-editor\" data-id=\"7b534b5\" data-element_type=\"widget\" data-e-type=\"widget\" data-settings=\"{&quot;profecient_custom_cursor_toggle&quot;:false,&quot;profecient_parallax_effects_toggle&quot;:0,&quot;profecient_mouse_effects_toggle&quot;:0}\" data-widget_type=\"text-editor.default\">\n\t\t\t\t<div class=\"elementor-widget-container\">\n\t\t\t\t\t\t\t\t\t<h1>Ekstratilbud<\/h1><p>Klubben har f\u00f8lgende ekstratilbud for disse aldersklassene.<\/p><ul><li><a href=\"https:\/\/silfotball.no\/nyheter\/index.php\/ekstratilbud\/sil-fotball-xtra\">SIL Fotball Xtra Akademi<\/a><\/li><\/ul><p>I tillegg for vil det for enkelte spillere bli tilbud om:<\/p><ul><li>Sonesamlinger (ser mer informasjon HER)<\/li><li>Talentsamlinger og hospitering i regi av Bod\u00f8\/Glimt<\/li><\/ul>\t\t\t\t\t\t\t\t<\/div>\n\t\t\t\t<\/div>\n\t\t\t\t<div class=\"elementor-element elementor-element-ea85594 elementor-widget elementor-widget-text-editor\" data-id=\"ea85594\" data-element_type=\"widget\" data-e-type=\"widget\" data-settings=\"{&quot;profecient_custom_cursor_toggle&quot;:false,&quot;profecient_parallax_effects_toggle&quot;:0,&quot;profecient_mouse_effects_toggle&quot;:0}\" data-widget_type=\"text-editor.default\">\n\t\t\t\t<div class=\"elementor-widget-container\">\n\t\t\t\t\t\t\t\t\t<h1>Kommunikasjon og hjelpemidler<\/h1><p>Se mer informasjon <a href=\"https:\/\/www.silfotball.no\/klubbhandbok\/9-informasjon-kommunikasjon\/\">HER<\/a><\/p><p>St\u00f8tteapparatet (\u00e9n eller flere trenere\/lagleder) rundt hvert lag m\u00e5 ha brukertilgang til <a href=\"https:\/\/fiks.fotball.no\/FiksWeb\/Login\">FIKS (Fotballens Informasjon &#8211; og kommunikasjonssystem)<\/a>. FIKS benyttes til \u00e5 administrere og gjennomf\u00f8re all fotballaktivitet i NFF-regi. Det betyr blant annet at alle fotballkamper, baner, spillere, dommere, kamprapporter og klubb- og lagroller er registrert i FIKS. Innhenting og administrasjon av data gj\u00f8res av forbund, krets og klubb i fellesskap. FIKS er kilden til fotballdata som publiseres p\u00e5 fotball.no og appen &laquo;Minfotball&raquo;.<\/p><p>Appen &laquo;Min Fotball&raquo; er et flott hjelpemiddel for st\u00f8tteapparat og foreldre. Her finner man enkelt oversikt over terminlister og kamper for sitt lag.<\/p>\t\t\t\t\t\t\t\t<\/div>\n\t\t\t\t<\/div>\n\t\t\t\t<div class=\"elementor-element elementor-element-d955e45 elementor-widget elementor-widget-text-editor\" data-id=\"d955e45\" data-element_type=\"widget\" data-e-type=\"widget\" data-settings=\"{&quot;profecient_custom_cursor_toggle&quot;:false,&quot;profecient_parallax_effects_toggle&quot;:0,&quot;profecient_mouse_effects_toggle&quot;:0}\" data-widget_type=\"text-editor.default\">\n\t\t\t\t<div class=\"elementor-widget-container\">\n\t\t\t\t\t\t\t\t\t<h1>Spilleroverganger<\/h1><div>Dersom det er aktuelt med en overgang for en spiller fra annen klubb skal daglig leder\/overgangsansvarlig i SIL Fotball kontaktes. SIL Fotball informerer tidligere klubb og ordner overgangen mellom klubbene.<\/div>\t\t\t\t\t\t\t\t<\/div>\n\t\t\t\t<\/div>\n\t\t\t\t<div class=\"elementor-element elementor-element-abd4f5c elementor-widget elementor-widget-text-editor\" data-id=\"abd4f5c\" data-element_type=\"widget\" data-e-type=\"widget\" data-settings=\"{&quot;profecient_custom_cursor_toggle&quot;:false,&quot;profecient_parallax_effects_toggle&quot;:0,&quot;profecient_mouse_effects_toggle&quot;:0}\" data-widget_type=\"text-editor.default\">\n\t\t\t\t<div class=\"elementor-widget-container\">\n\t\t\t\t\t\t\t\t\t<h1><strong>Forsikring og rutiner ved skader<\/strong><\/h1><p>Spillere som har fylt 12 \u00e5r m\u00e5 v\u00e6re registrert i FIKS som aktive med lagsforsikring innev\u00e6rende sesong for \u00e5 v\u00e6re dekket av forsikringsordningen.<\/p><p>Se <a href=\"https:\/\/www.silfotball.no\/klubbhandbok\/7-klubbdrift-rutiner\/#_Toc501082905\">HER<\/a> for mer informasjon.<\/p>\t\t\t\t\t\t\t\t<\/div>\n\t\t\t\t<\/div>\n\t\t\t\t<div class=\"elementor-element elementor-element-aae519c elementor-widget elementor-widget-text-editor\" data-id=\"aae519c\" data-element_type=\"widget\" data-e-type=\"widget\" data-settings=\"{&quot;profecient_custom_cursor_toggle&quot;:false,&quot;profecient_parallax_effects_toggle&quot;:0,&quot;profecient_mouse_effects_toggle&quot;:0}\" data-widget_type=\"text-editor.default\">\n\t\t\t\t<div class=\"elementor-widget-container\">\n\t\t\t\t\t\t\t\t\t<h1><strong>Medlemsavgift og treningsavgift<\/strong><\/h1><p>Se <a href=\"https:\/\/www.silfotball.no\/klubbhandbok\/7-klubbdrift-rutiner\/#_Toc501082901\">HER<\/a> for mer informasjon.<\/p>\t\t\t\t\t\t\t\t<\/div>\n\t\t\t\t<\/div>\n\t\t\t\t<div class=\"elementor-element elementor-element-7d25741 elementor-widget elementor-widget-text-editor\" data-id=\"7d25741\" data-element_type=\"widget\" data-e-type=\"widget\" data-settings=\"{&quot;profecient_custom_cursor_toggle&quot;:false,&quot;profecient_parallax_effects_toggle&quot;:0,&quot;profecient_mouse_effects_toggle&quot;:0}\" data-widget_type=\"text-editor.default\">\n\t\t\t\t<div class=\"elementor-widget-container\">\n\t\t\t\t\t\t\t\t\t<h1>Private akt\u00f8rer<\/h1><p>Vi overlater det til hvert enkelt medlem og deres foresatte \u00e5 bestemme om de vil delta p\u00e5 tilbud drevet av private akt\u00f8rer.\u00a0<\/p><p>Vi tar avstand fra all aktivitet drevet av akt\u00f8rer som bryter med NFFs og NIFs retningslinjer for barne- og ungdomsfotball.<\/p>\t\t\t\t\t\t\t\t<\/div>\n\t\t\t\t<\/div>\n\t\t\t\t\t<\/div>\n\t\t<\/div>\n\t\t\t\t\t<\/div>\n\t\t<\/section>\n\t\t\t\t<section class=\"elementor-section elementor-top-section elementor-element elementor-element-a910a86 elementor-section-boxed elementor-section-height-default elementor-section-height-default\" data-id=\"a910a86\" data-element_type=\"section\" data-e-type=\"section\" data-settings=\"{&quot;profecient_background_motion_effects_toggle&quot;:0,&quot;profecient_custom_cursor_toggle&quot;:false,&quot;profecient_parallax_effects_toggle&quot;:0,&quot;profecient_mouse_effects_toggle&quot;:0}\">\n\t\t\t\t\t\t<div class=\"elementor-container elementor-column-gap-default\">\n\t\t\t\t\t<div class=\"elementor-column elementor-col-100 elementor-top-column elementor-element elementor-element-fc61286\" data-id=\"fc61286\" data-element_type=\"column\" data-e-type=\"column\" data-settings=\"{&quot;profecient_background_motion_effects_toggle&quot;:0,&quot;profecient_custom_cursor_toggle&quot;:false,&quot;profecient_parallax_effects_toggle&quot;:0,&quot;profecient_mouse_effects_toggle&quot;:0}\">\n\t\t\t<div class=\"elementor-widget-wrap elementor-element-populated\">\n\t\t\t\t\t\t<div class=\"elementor-element elementor-element-a388a7e elementor-widget elementor-widget-spacer\" data-id=\"a388a7e\" data-element_type=\"widget\" data-e-type=\"widget\" data-settings=\"{&quot;profecient_custom_cursor_toggle&quot;:false,&quot;profecient_parallax_effects_toggle&quot;:0,&quot;profecient_mouse_effects_toggle&quot;:0}\" data-widget_type=\"spacer.default\">\n\t\t\t\t<div class=\"elementor-widget-container\">\n\t\t\t\t\t\t\t<div class=\"elementor-spacer\">\n\t\t\t<div class=\"elementor-spacer-inner\"><\/div>\n\t\t<\/div>\n\t\t\t\t\t\t<\/div>\n\t\t\t\t<\/div>\n\t\t\t\t\t<\/div>\n\t\t<\/div>\n\t\t\t\t\t<\/div>\n\t\t<\/section>\n\t\t\t\t<section class=\"elementor-section elementor-top-section elementor-element elementor-element-dcf30d6 elementor-section-boxed elementor-section-height-default elementor-section-height-default\" data-id=\"dcf30d6\" data-element_type=\"section\" data-e-type=\"section\" data-settings=\"{&quot;profecient_background_motion_effects_toggle&quot;:0,&quot;profecient_custom_cursor_toggle&quot;:false,&quot;profecient_parallax_effects_toggle&quot;:0,&quot;profecient_mouse_effects_toggle&quot;:0}\">\n\t\t\t\t\t\t<div class=\"elementor-container elementor-column-gap-default\">\n\t\t\t\t\t<div class=\"elementor-column elementor-col-50 elementor-top-column elementor-element elementor-element-0753822\" data-id=\"0753822\" data-element_type=\"column\" data-e-type=\"column\" data-settings=\"{&quot;profecient_background_motion_effects_toggle&quot;:0,&quot;profecient_custom_cursor_toggle&quot;:false,&quot;profecient_parallax_effects_toggle&quot;:0,&quot;profecient_mouse_effects_toggle&quot;:0}\">\n\t\t\t<div class=\"elementor-widget-wrap elementor-element-populated\">\n\t\t\t\t\t\t<div class=\"elementor-element elementor-element-8956aea elementor-widget elementor-widget-button\" data-id=\"8956aea\" data-element_type=\"widget\" data-e-type=\"widget\" data-settings=\"{&quot;profecient_custom_cursor_toggle&quot;:false,&quot;profecient_parallax_effects_toggle&quot;:0,&quot;profecient_mouse_effects_toggle&quot;:0}\" data-widget_type=\"button.default\">\n\t\t\t\t<div class=\"elementor-widget-container\">\n\t\t\t\t\t\t\t\t\t<div class=\"elementor-button-wrapper\">\n\t\t\t\t\t<a class=\"elementor-button elementor-button-link elementor-size-sm\" href=\"https:\/\/silfotball.no\/sportsplan\/13-arsklassen\">\n\t\t\t\t\t\t<span class=\"elementor-button-content-wrapper\">\n\t\t\t\t\t\t<span class=\"elementor-button-icon\">\n\t\t\t\t<i aria-hidden=\"true\" class=\"fas fa-arrow-left\"><\/i>\t\t\t<\/span>\n\t\t\t\t\t\t\t\t\t<span class=\"elementor-button-text\">13-\u00c5RSKLASSEN<\/span>\n\t\t\t\t\t<\/span>\n\t\t\t\t\t<\/a>\n\t\t\t\t<\/div>\n\t\t\t\t\t\t\t\t<\/div>\n\t\t\t\t<\/div>\n\t\t\t\t\t<\/div>\n\t\t<\/div>\n\t\t\t\t<div class=\"elementor-column elementor-col-50 elementor-top-column elementor-element elementor-element-f6523cf\" data-id=\"f6523cf\" data-element_type=\"column\" data-e-type=\"column\" data-settings=\"{&quot;profecient_background_motion_effects_toggle&quot;:0,&quot;profecient_custom_cursor_toggle&quot;:false,&quot;profecient_parallax_effects_toggle&quot;:0,&quot;profecient_mouse_effects_toggle&quot;:0}\">\n\t\t\t<div class=\"elementor-widget-wrap elementor-element-populated\">\n\t\t\t\t\t\t<div class=\"elementor-element elementor-element-a513cbb elementor-align-right elementor-widget elementor-widget-button\" data-id=\"a513cbb\" data-element_type=\"widget\" data-e-type=\"widget\" data-settings=\"{&quot;profecient_custom_cursor_toggle&quot;:false,&quot;profecient_parallax_effects_toggle&quot;:0,&quot;profecient_mouse_effects_toggle&quot;:0}\" data-widget_type=\"button.default\">\n\t\t\t\t<div class=\"elementor-widget-container\">\n\t\t\t\t\t\t\t\t\t<div class=\"elementor-button-wrapper\">\n\t\t\t\t\t<a class=\"elementor-button elementor-button-link elementor-size-sm\" href=\"https:\/\/silfotball.no\/sportsplan\/15-16-arsklassene\">\n\t\t\t\t\t\t<span class=\"elementor-button-content-wrapper\">\n\t\t\t\t\t\t<span class=\"elementor-button-icon\">\n\t\t\t\t<i aria-hidden=\"true\" class=\"fas fa-arrow-right\"><\/i>\t\t\t<\/span>\n\t\t\t\t\t\t\t\t\t<span class=\"elementor-button-text\">15-16 \u00c5RSKLASSENE<\/span>\n\t\t\t\t\t<\/span>\n\t\t\t\t\t<\/a>\n\t\t\t\t<\/div>\n\t\t\t\t\t\t\t\t<\/div>\n\t\t\t\t<\/div>\n\t\t\t\t\t<\/div>\n\t\t<\/div>\n\t\t\t\t\t<\/div>\n\t\t<\/section>\n\t\t\t\t<\/div>\n\t\t","protected":false},"excerpt":{"rendered":"<p>M\u00e5l &laquo;\u00c5 gi hvert medlem et godt tilbud i et godt milj\u00f8 med tilpasset og utviklende aktivitet&raquo;. I disse aldersgruppene er det ogs\u00e5 en m\u00e5lsetning \u00e5 beholde flest mulig. Organisering St\u00f8tteapparat og roller Det er viktig at klubb og foreldregruppe f\u00e5r satt et robust st\u00f8tteapparat allerede fra oppstarten. Hvert lag skal ha f\u00f8lgende roller: Trener [&hellip;]<\/p>\n","protected":false},"author":1,"featured_media":0,"parent":0,"menu_order":0,"comment_status":"closed","ping_status":"closed","template":"","meta":{"footnotes":""},"class_list":["post-1405","page","type-page","status-publish","hentry"],"_links":{"self":[{"href":"https:\/\/silfotball.no\/sportsplan\/wp-json\/wp\/v2\/pages\/1405","targetHints":{"allow":["GET"]}}],"collection":[{"href":"https:\/\/silfotball.no\/sportsplan\/wp-json\/wp\/v2\/pages"}],"about":[{"href":"https:\/\/silfotball.no\/sportsplan\/wp-json\/wp\/v2\/types\/page"}],"author":[{"embeddable":true,"href":"https:\/\/silfotball.no\/sportsplan\/wp-json\/wp\/v2\/users\/1"}],"replies":[{"embeddable":true,"href":"https:\/\/silfotball.no\/sportsplan\/wp-json\/wp\/v2\/comments?post=1405"}],"version-history":[{"count":67,"href":"https:\/\/silfotball.no\/sportsplan\/wp-json\/wp\/v2\/pages\/1405\/revisions"}],"predecessor-version":[{"id":3367,"href":"https:\/\/silfotball.no\/sportsplan\/wp-json\/wp\/v2\/pages\/1405\/revisions\/3367"}],"wp:attachment":[{"href":"https:\/\/silfotball.no\/sportsplan\/wp-json\/wp\/v2\/media?parent=1405"}],"curies":[{"name":"wp","href":"https:\/\/api.w.org\/{rel}","templated":true}]}}