{"id":1403,"date":"2021-02-09T09:47:28","date_gmt":"2021-02-09T09:47:28","guid":{"rendered":"https:\/\/silfotball.no\/sportsplan\/?page_id=1403"},"modified":"2021-03-16T09:59:40","modified_gmt":"2021-03-16T09:59:40","slug":"overgangen-fra-barne-til-ungdomsfotballen","status":"publish","type":"page","link":"https:\/\/silfotball.no\/sportsplan\/overgangen-fra-barne-til-ungdomsfotballen\/","title":{"rendered":"Overgangen fra barne- til ungdomsfotballen"},"content":{"rendered":"\t\t<div data-elementor-type=\"wp-page\" data-elementor-id=\"1403\" class=\"elementor elementor-1403\" data-elementor-settings=\"{&quot;profecient_custom_cursor_toggle&quot;:false}\">\n\t\t\t\t\t\t<section class=\"elementor-section elementor-top-section elementor-element elementor-element-e394c23 elementor-section-boxed elementor-section-height-default elementor-section-height-default\" data-id=\"e394c23\" data-element_type=\"section\" data-e-type=\"section\" data-settings=\"{&quot;profecient_background_motion_effects_toggle&quot;:0,&quot;profecient_custom_cursor_toggle&quot;:false,&quot;profecient_parallax_effects_toggle&quot;:0,&quot;profecient_mouse_effects_toggle&quot;:0}\">\n\t\t\t\t\t\t<div class=\"elementor-container elementor-column-gap-default\">\n\t\t\t\t\t<div class=\"elementor-column elementor-col-100 elementor-top-column elementor-element elementor-element-c6ce0b5\" data-id=\"c6ce0b5\" data-element_type=\"column\" data-e-type=\"column\" data-settings=\"{&quot;profecient_background_motion_effects_toggle&quot;:0,&quot;profecient_custom_cursor_toggle&quot;:false,&quot;profecient_parallax_effects_toggle&quot;:0,&quot;profecient_mouse_effects_toggle&quot;:0}\">\n\t\t\t<div class=\"elementor-widget-wrap elementor-element-populated\">\n\t\t\t\t\t\t<div class=\"elementor-element elementor-element-ae3ec49 elementor-widget elementor-widget-text-editor\" data-id=\"ae3ec49\" data-element_type=\"widget\" data-e-type=\"widget\" data-settings=\"{&quot;profecient_custom_cursor_toggle&quot;:false,&quot;profecient_parallax_effects_toggle&quot;:0,&quot;profecient_mouse_effects_toggle&quot;:0}\" data-widget_type=\"text-editor.default\">\n\t\t\t\t<div class=\"elementor-widget-container\">\n\t\t\t\t\t\t\t\t\t<ul><li><a href=\"#_barn001\">Generelt<\/a><\/li><li><a href=\"#_barn002\">M\u00f8te med spillere og foresatte<\/a><ul><li><a href=\"#_barn002_01\">Organisering og lagsammensetning<\/a><\/li><li><a href=\"#_barn002_02\">Differensiering<\/a><\/li><li><a href=\"#_barn002_03\">Hospitering<\/a><\/li><li><a href=\"#_barn002_04\">\u00d8kte krav og forventninger til spillere<\/a><\/li><li><a href=\"#_barn002_05\">Landslagsskolen &#8211; Uttak til Sonesamlinger<\/a><\/li><li><a href=\"#_barn002_06\">Talentsamlinger<\/a><\/li><li><a href=\"#_barn002_07\">Forhindre frafall<\/a><\/li><\/ul><\/li><\/ul>\t\t\t\t\t\t\t\t<\/div>\n\t\t\t\t<\/div>\n\t\t\t\t<div class=\"elementor-element elementor-element-b0d450f elementor-widget elementor-widget-spacer\" data-id=\"b0d450f\" data-element_type=\"widget\" data-e-type=\"widget\" data-settings=\"{&quot;profecient_custom_cursor_toggle&quot;:false,&quot;profecient_parallax_effects_toggle&quot;:0,&quot;profecient_mouse_effects_toggle&quot;:0}\" data-widget_type=\"spacer.default\">\n\t\t\t\t<div class=\"elementor-widget-container\">\n\t\t\t\t\t\t\t<div class=\"elementor-spacer\">\n\t\t\t<div class=\"elementor-spacer-inner\"><\/div>\n\t\t<\/div>\n\t\t\t\t\t\t<\/div>\n\t\t\t\t<\/div>\n\t\t\t\t<div class=\"elementor-element elementor-element-30b2e82 elementor-widget elementor-widget-text-editor\" data-id=\"30b2e82\" data-element_type=\"widget\" data-e-type=\"widget\" data-settings=\"{&quot;profecient_custom_cursor_toggle&quot;:false,&quot;profecient_parallax_effects_toggle&quot;:0,&quot;profecient_mouse_effects_toggle&quot;:0}\" data-widget_type=\"text-editor.default\">\n\t\t\t\t<div class=\"elementor-widget-container\">\n\t\t\t\t\t\t\t\t\t<h1><a name=\"_barn001\"><\/a>Generelt<\/h1><p>Overgangen fra barne- til ungdomsfotballen kjennetegnes best ved at resultater og tabeller blir offentligjort. Selv om b\u00e5de trenere og spillere har et forhold til det \u00e5 vinne og tape kamper ogs\u00e5 i barnefotballen, kan det ofte skape en rekke utfordringer dersom trenere og foreldre blir <strong><span style=\"text-decoration: underline;\"><em>for<\/em><\/span><\/strong> opptatt av resultatet og tabellen i ungdomsfotballen.<\/p><p><strong style=\"font-family: var( --e-global-typography-text-font-family ), Sans-serif;\">Hos oss skal utviklingen til hver enkelt spiller prioriteres over lagenes resultater i ungdomsfotballen, og trenere hos oss skal ha denne tankegangen i bunn.<\/strong><\/p><p>SIL Fotballs har et m\u00e5l \u00ab\u00c5 gi hvert medlem et godt tilbud i et <strong><em>godt milj\u00f8 med tilpasset og utviklende aktivitet<\/em><\/strong>\u00bb<\/p><p>Hos oss skal alle spillere v\u00e6re velkommen p\u00e5 trening! Alle treninger skal i f\u00f8rste rekke v\u00e6re preget av trygghet, mestring og trivsel. Det betyr at at vi har m\u00e5l \u00e5 beholde &laquo;flest mulig&raquo;, &laquo;lengst mulig&raquo; i aktivitet. Det betyr ogs\u00e5 at v\u00e5re lag og grupper vil best\u00e5 av spillere med store forskjeller b\u00e5de i b\u00e5de interesse og ferdigheter. Mange ungdommer er med f\u00f8rst og fremst fordi fotballen er g\u00f8y. Andre har ambisjoner om \u00e5 n\u00e5 langt som fotballspiller, og \u00f8nsker \u00e5 bruke mer tid p\u00e5 fotballen. Vi har ogs\u00e5 et m\u00e5l om \u00e5 tilrettelegge tilpasset aktivitet for de spillere som har ambisjoner og stor interesse for egen utvikling. Det betyr \u00e5 gi spillere et tilbud som gj\u00f8r at de har mulighet til \u00e5 &laquo;best mulig&raquo;. I SIL Fotball skal det v\u00e6re plass til alle, uansett ambisjoner.<\/p><p>For \u00e5 lykkes med dette mener vi svaret ligger i \u00e5 v\u00e6re skikkelig god p\u00e5 <a href=\"https:\/\/silfotball.no\/sportsplan\/retningslinjer-for-var-fotballaktivitet-forklaring-av-viktige-begreper-prinsipper-og-modeller\/#_begrep008\"><strong>DIFFERENSIERING<\/strong>.<\/a> Klubben \u00f8nsker samtidig \u00e5 v\u00e6re veldig bevisste og \u00e5 jobbe aktivt med denne utfordrende fasen.\u00a0<\/p>\t\t\t\t\t\t\t\t<\/div>\n\t\t\t\t<\/div>\n\t\t\t\t<div class=\"elementor-element elementor-element-c11cdb2 elementor-widget elementor-widget-text-editor\" data-id=\"c11cdb2\" data-element_type=\"widget\" data-e-type=\"widget\" data-settings=\"{&quot;profecient_custom_cursor_toggle&quot;:false,&quot;profecient_parallax_effects_toggle&quot;:0,&quot;profecient_mouse_effects_toggle&quot;:0}\" data-widget_type=\"text-editor.default\">\n\t\t\t\t<div class=\"elementor-widget-container\">\n\t\t\t\t\t\t\t\t\t<h1><a name=\"_barn002\"><\/a>M\u00f8te med spillere og foresatte<\/h1><p>I overgangen mellom barne- og ungdomsfotballen \u00f8nsker klubben \u00e5 forberede forklare spillere, trenere og foreldre hvordan klubben \u00f8nsker \u00e5 tilrettelegge aktiviteten for \u00e5 best mulig ta vare p\u00e5 alle.<\/p><p><span style=\"font-family: var( --e-global-typography-text-font-family ), Sans-serif; font-weight: var( --e-global-typography-text-font-weight );\">Det gj\u00f8res ved at klubben tar et med et felles m\u00f8te med alle spillere, trenere og deres foreldre m<\/span><span style=\"font-family: var( --e-global-typography-text-font-family ), Sans-serif; font-weight: var( --e-global-typography-text-font-weight );\">ellom sesongene i 12- og 13 \u00e5rs klassene<\/span><span style=\"font-family: var( --e-global-typography-text-font-family ), Sans-serif; font-weight: var( --e-global-typography-text-font-weight );\">. Her gis det informasjon om tilbudet i ungdomsfotballen, hvordan dette organiseres i klubben, differensiering, hospitering, hvilke \u00f8kte krav og forventinger som stilles til spillere, landslagskolen (uttak sonesamling, omr\u00e5desamlinger, kretssamlinger, Equinor talentleir, landslagssamlinger) og om det \u00e5 hindre frafall.\u00a0<\/span><\/p>\t\t\t\t\t\t\t\t<\/div>\n\t\t\t\t<\/div>\n\t\t\t\t<div class=\"elementor-element elementor-element-b5c9513 elementor-widget elementor-widget-text-editor\" data-id=\"b5c9513\" data-element_type=\"widget\" data-e-type=\"widget\" data-settings=\"{&quot;profecient_custom_cursor_toggle&quot;:false,&quot;profecient_parallax_effects_toggle&quot;:0,&quot;profecient_mouse_effects_toggle&quot;:0}\" data-widget_type=\"text-editor.default\">\n\t\t\t\t<div class=\"elementor-widget-container\">\n\t\t\t\t\t\t\t\t\t<h2><a name=\"_barn002_01\"><\/a>Organisering og lagsammensetning<\/h2>\n<ul>\n \t<li>I ungdomsfotballen kan det, i motsetning til i barnefotballen, v\u00e6re aktuelt \u00e5 dele inn lag etter interesse og ferdigheter.<\/li>\n \t<li>I SIL Fotball har vi ofte i stedet landet p\u00e5 modeller med flere lag per kull der spillere rullerer mellom ulike lag innenfor samme \u00e5rsklasse (innenfor gitte regelverk). P\u00e5 denne m\u00e5ten mener vi at vi ivaretar v\u00e5r visjon (flest mulig &#8211; lengt mulig- best mulig) i st\u00f8rst mulig grad.<\/li>\n \t<li>\u00c5rsklassen trener sammen. Her brukes differensiering i \u00f8ktene.<\/li>\n \t<li>Vi \u00f8nsker \u00e5 skape jevnbyrdighet i b\u00e5de trening og kamp.<\/li>\n \t<li>I kamp tilpasser vi eget lag utfra motstander osv.<\/li>\n \t<li>Alle skal ha mye spilletid i hver kamp hvor de er uttatt i troppen (minimum 1.omgang), men spilletid kan variere fra spiller til spiller.<\/li>\n \t<li>Antall kamper og hvilke kamper hver spiller er tatt ut p\u00e5 kan ogs\u00e5 variere ut i fra interesse, treningsoppm\u00f8te og holdninger.<\/li>\n<\/ul>\t\t\t\t\t\t\t\t<\/div>\n\t\t\t\t<\/div>\n\t\t\t\t<div class=\"elementor-element elementor-element-415d1d9 elementor-widget elementor-widget-text-editor\" data-id=\"415d1d9\" data-element_type=\"widget\" data-e-type=\"widget\" data-settings=\"{&quot;profecient_custom_cursor_toggle&quot;:false,&quot;profecient_parallax_effects_toggle&quot;:0,&quot;profecient_mouse_effects_toggle&quot;:0}\" data-widget_type=\"text-editor.default\">\n\t\t\t\t<div class=\"elementor-widget-container\">\n\t\t\t\t\t\t\t\t\t<h2><a name=\"_barn002_02\"><\/a>Differensiering<\/h2><p>I v\u00e5r organisering av barnefotballen og spesielt ungdomsfotballen er god differensiering avgj\u00f8rende for at vi klarer \u00e5 ta vare p\u00e5 alle.<\/p><p>Les mer om differensiering <a href=\"https:\/\/silfotball.no\/sportsplan\/retningslinjer-for-var-fotballaktivitet-forklaring-av-viktige-begreper-prinsipper-og-modeller\/#_begrep008\">HER<\/a>.<\/p>\t\t\t\t\t\t\t\t<\/div>\n\t\t\t\t<\/div>\n\t\t\t\t<div class=\"elementor-element elementor-element-3a8a812 elementor-widget elementor-widget-text-editor\" data-id=\"3a8a812\" data-element_type=\"widget\" data-e-type=\"widget\" data-settings=\"{&quot;profecient_custom_cursor_toggle&quot;:false,&quot;profecient_parallax_effects_toggle&quot;:0,&quot;profecient_mouse_effects_toggle&quot;:0}\" data-widget_type=\"text-editor.default\">\n\t\t\t\t<div class=\"elementor-widget-container\">\n\t\t\t\t\t\t\t\t\t<h2><a name=\"_barn002_03\"><\/a>Hospitering<\/h2><p><span style=\"letter-spacing: 0px;\">Hospitering er en m\u00e5te \u00e5 differensiere p\u00e5. <\/span><span style=\"font-family: var( --e-global-typography-text-font-family ), Sans-serif; letter-spacing: 0px; font-size: 15px; color: #111111; font-weight: var( --e-global-typography-text-font-weight );\">I v\u00e5r organisering av ungdomsfotballen er hospitering avgj\u00f8rende for \u00e5 ta vare p\u00e5 de som har h\u00f8ye ambisjoner og stor interesse.<\/span><\/p><p><span style=\"font-family: var( --e-global-typography-text-font-family ), Sans-serif; font-weight: var( --e-global-typography-text-font-weight );\">Spillere som utmerker seg ved stor interesse, god innsats, gode holdninger og gode ferdigheter, og som \u00f8nsker \u00e5 trene mye og f\u00e5 ekstra utfordringer, skal ha muligheter for \u00e5 hospitere med lag\/grupper lengre opp i aldersklassene. Det gjelder b\u00e5de trening og kamp. Jenter skal ogs\u00e5 ha muligheten til \u00e5 hospitere p\u00e5 guttelag og i guttegrupper.<\/span><\/p><p>Se <a href=\"https:\/\/silfotball.no\/sportsplan\/retningslinjer-for-var-fotballaktivitet-forklaring-av-viktige-begreper-prinsipper-og-modeller\/#_begrep010\">HER<\/a> for mer informasjon om hospitering og hospiteringsregler.<\/p>\t\t\t\t\t\t\t\t<\/div>\n\t\t\t\t<\/div>\n\t\t\t\t<div class=\"elementor-element elementor-element-8b5771f elementor-widget elementor-widget-text-editor\" data-id=\"8b5771f\" data-element_type=\"widget\" data-e-type=\"widget\" data-settings=\"{&quot;profecient_custom_cursor_toggle&quot;:false,&quot;profecient_parallax_effects_toggle&quot;:0,&quot;profecient_mouse_effects_toggle&quot;:0}\" data-widget_type=\"text-editor.default\">\n\t\t\t\t<div class=\"elementor-widget-container\">\n\t\t\t\t\t\t\t\t\t<h2><a name=\"_barn002_04\"><\/a>\u00d8kte krav\u00a0<strong>og<\/strong>\u00a0forventninger til spillere<\/h2>\nI inngangen til ungdomsfotballen setter klubben litt \u00f8kte krav til v\u00e5re spillere:\n<ul>\n \t<li>Alltid beskjed ved forfall<\/li>\n \t<li>M\u00f8te tidsnok p\u00e5 trening<\/li>\n \t<li>Ta vare p\u00e5 eget utstyr<\/li>\n \t<li>Innsats p\u00e5 trening<\/li>\n<\/ul>\t\t\t\t\t\t\t\t<\/div>\n\t\t\t\t<\/div>\n\t\t\t\t<div class=\"elementor-element elementor-element-b530ebc elementor-widget elementor-widget-text-editor\" data-id=\"b530ebc\" data-element_type=\"widget\" data-e-type=\"widget\" data-settings=\"{&quot;profecient_custom_cursor_toggle&quot;:false,&quot;profecient_parallax_effects_toggle&quot;:0,&quot;profecient_mouse_effects_toggle&quot;:0}\" data-widget_type=\"text-editor.default\">\n\t\t\t\t<div class=\"elementor-widget-container\">\n\t\t\t\t\t\t\t\t\t<h2><a name=\"_barn002_05\"><\/a>Landslagsskolen &#8211; Uttak til Sonesamlinger<\/h2><p>NFFs Landslagsskole er broen mellom klubbene v\u00e5re og de aldersbestemte landslagene.<\/p><p><span style=\"font-family: var( --e-global-typography-text-font-family ), Sans-serif; font-weight: var( --e-global-typography-text-font-weight );\">NFF Nordland sender hver h\u00f8st ut informasjon til alle klubber i Nordland om nominasjon til trinn 1 i landslagsskolen &#8211; sonesamlinger. Sonesamlinger er trenings\u00f8kter i regi av Landslagsskolen og gjennomf\u00f8res likt i hele Norge med samme innhold, og spillere fra G\/J 12-15 \u00e5r nomineres til disse samlingene.<\/span><\/p><p><span style=\"font-family: var( --e-global-typography-text-font-family ), Sans-serif; font-weight: var( --e-global-typography-text-font-weight );\">Klubbene i Nordland nominerer inn spillere til KA Spillerutvikler i NFF Nordland. I Nordland er det seks sju soner og i hver sone er det en soneansvarlig. Sonesansvarlig strukturerer deretter sonesamlingene i sin sone.<\/span><\/p><p><span style=\"font-family: var( --e-global-typography-text-font-family ), Sans-serif; font-weight: var( --e-global-typography-text-font-weight );\">Sportslig ledelse i SIL Fotball nominerer inn spillere til NFF Nordland etter samtaler med klubbens spillerutviklere (trenere p\u00e5 akademi\/sonesamlinger). Lagstrenere kan ogs\u00e5 tas med p\u00e5 r\u00e5d. Sportslig ledelse sender informasjon til alle lagstrenere og foreldre\/foresatte om uttaket.<\/span><\/p><p><span style=\"font-family: var( --e-global-typography-text-font-family ), Sans-serif; font-weight: var( --e-global-typography-text-font-weight );\">Kriterier for uttak er:\u00a0 \u00a0<\/span><\/p><ol><li>Trener mye &#8211; egentrening i tillegg til organisert trening.<\/li><li>Trener med kvalitet &#8211; tilstedev\u00e6relse p\u00e5 trening.<\/li><li>Tester egne grenser &#8211; t\u00f8r \u00e5 v\u00e6re utenfor komfortsonen.<\/li><li>Tenker selv &#8211; er reflekterte i fht egen prestasjon og nysgjerrig p\u00e5 ny kunnskap.<\/li><\/ol><p>Fra sonesamlinger er veien videre for spillere som tas ut f\u00f8lgende:<\/p><ul><li>Omr\u00e5desamling (Fra G\/J 12 \u00e5r)<\/li><li>Kretssamling<\/li><li>Kretslag<\/li><li>Equinor (fra G\/J 14 \u00e5r)<\/li><li>Landslagssamlinger<\/li><li>Landslag (fra G\/J 15 \u00e5r)<\/li><\/ul><p>Uttak til omr\u00e5desamlinger, kretssamlinger, kretslag osv gj\u00f8res av KA spillerutvikler i NFF Nordland.<\/p><p><span style=\"font-family: var( --e-global-typography-text-font-family ), Sans-serif; font-weight: var( --e-global-typography-text-font-weight );\">Les mer om Spillerutvikling i NFF Nordland <a href=\"https:\/\/www.fotball.no\/kretser\/nordland\/spillerutvikling\/\">HER<\/a>.<\/span><\/p><p>Les mer om NFF Landslagsskolen <a href=\"https:\/\/www.fotball.no\/barn-og-ungdom\/landslagsskolen\/\">HER<\/a>.<\/p>\t\t\t\t\t\t\t\t<\/div>\n\t\t\t\t<\/div>\n\t\t\t\t<div class=\"elementor-element elementor-element-36994d9 elementor-widget elementor-widget-text-editor\" data-id=\"36994d9\" data-element_type=\"widget\" data-e-type=\"widget\" data-settings=\"{&quot;profecient_custom_cursor_toggle&quot;:false,&quot;profecient_parallax_effects_toggle&quot;:0,&quot;profecient_mouse_effects_toggle&quot;:0}\" data-widget_type=\"text-editor.default\">\n\t\t\t\t<div class=\"elementor-widget-container\">\n\t\t\t\t\t\t\t\t\t<h2><a name=\"_barn002_06\"><\/a>Talentsamlinger<\/h2>\nSIL Fotball f\u00e5r stadig henvendelser fra toppklubb om ulike spillerutviklingstiltak i regi av dem. I stor grad mottar vi henvendelse fra FK Bod\u00f8\/Glimt, og eksempler p\u00e5 tiltak er:\n<ul>\n \t<li>Salten Aqua<\/li>\n \t<li>Hospitering i nasjonal serie (G14-G16)<\/li>\n \t<li>Hospitering i nasjonale og internasjonale turneringer<\/li>\n<\/ul>\nVed slike henvendelser er ofte spillere allerede kartlagt p\u00e5 forh\u00e5nd, men i enkelte tilfeller er SIL Fotball aktive i utvelgelsen av aktuelle spiller. I slike tilfeller gjelder de samme kriterier som ved uttak til sonesamlinger. Klubben \u00f8nsker i i tillegg at det kan v\u00e6re en slags rullering, dersom flere spillere kan v\u00e6re i aktuelle, slik at flere f\u00e5r slike muligheter.\t\t\t\t\t\t\t\t<\/div>\n\t\t\t\t<\/div>\n\t\t\t\t<div class=\"elementor-element elementor-element-82851f2 elementor-widget elementor-widget-text-editor\" data-id=\"82851f2\" data-element_type=\"widget\" data-e-type=\"widget\" data-settings=\"{&quot;profecient_custom_cursor_toggle&quot;:false,&quot;profecient_parallax_effects_toggle&quot;:0,&quot;profecient_mouse_effects_toggle&quot;:0}\" data-widget_type=\"text-editor.default\">\n\t\t\t\t<div class=\"elementor-widget-container\">\n\t\t\t\t\t\t\t\t\t<h2><a name=\"_barn002_07\"><\/a>Forhindre frafall<\/h2>\nI ungdomsidretten generelt og i ungdomsfotballen v\u00e5r er det naturlig nok et frafall.\u00a0 SIL Fotball \u00f8nsker \u00e5 arbeide aktivt med \u00e5 minimere dette frafallet, og i denne sammenheng er flere faktorer viktig. Klubben m\u00e5 lage differensierte tilbud, og fors\u00f8ke \u00e5 fange opp de som slutter. St\u00f8tteapparatet rundt hvert lag m\u00e5 ogs\u00e5 bidra til dette. Trenere rundt laget st\u00e5r ofte spillerne n\u00e6rmest og det er viktig \u00e5 prate med dem hva som er \u00e5rsakene til at de vil slutte. Klubben trenger innspill og forslag til gode l\u00f8sninger. Kanskje kan det v\u00e6re andre ting de kan tenke seg \u00e5 v\u00e6re med p\u00e5 i klubben, som for eksempel trener, instrukt\u00f8r eller dommer?\t\t\t\t\t\t\t\t<\/div>\n\t\t\t\t<\/div>\n\t\t\t\t<div class=\"elementor-element elementor-element-134c41f elementor-widget elementor-widget-spacer\" data-id=\"134c41f\" data-element_type=\"widget\" data-e-type=\"widget\" data-settings=\"{&quot;profecient_custom_cursor_toggle&quot;:false,&quot;profecient_parallax_effects_toggle&quot;:0,&quot;profecient_mouse_effects_toggle&quot;:0}\" data-widget_type=\"spacer.default\">\n\t\t\t\t<div class=\"elementor-widget-container\">\n\t\t\t\t\t\t\t<div class=\"elementor-spacer\">\n\t\t\t<div class=\"elementor-spacer-inner\"><\/div>\n\t\t<\/div>\n\t\t\t\t\t\t<\/div>\n\t\t\t\t<\/div>\n\t\t\t\t\t<\/div>\n\t\t<\/div>\n\t\t\t\t\t<\/div>\n\t\t<\/section>\n\t\t\t\t<section class=\"elementor-section elementor-top-section elementor-element elementor-element-dca7b36 elementor-section-boxed elementor-section-height-default elementor-section-height-default\" data-id=\"dca7b36\" data-element_type=\"section\" data-e-type=\"section\" data-settings=\"{&quot;profecient_background_motion_effects_toggle&quot;:0,&quot;profecient_custom_cursor_toggle&quot;:false,&quot;profecient_parallax_effects_toggle&quot;:0,&quot;profecient_mouse_effects_toggle&quot;:0}\">\n\t\t\t\t\t\t<div class=\"elementor-container elementor-column-gap-default\">\n\t\t\t\t\t<div class=\"elementor-column elementor-col-50 elementor-top-column elementor-element elementor-element-9a6c367\" data-id=\"9a6c367\" data-element_type=\"column\" data-e-type=\"column\" data-settings=\"{&quot;profecient_background_motion_effects_toggle&quot;:0,&quot;profecient_custom_cursor_toggle&quot;:false,&quot;profecient_parallax_effects_toggle&quot;:0,&quot;profecient_mouse_effects_toggle&quot;:0}\">\n\t\t\t<div class=\"elementor-widget-wrap elementor-element-populated\">\n\t\t\t\t\t\t<div class=\"elementor-element elementor-element-03d4a48 elementor-widget elementor-widget-button\" data-id=\"03d4a48\" data-element_type=\"widget\" data-e-type=\"widget\" data-settings=\"{&quot;profecient_custom_cursor_toggle&quot;:false,&quot;profecient_parallax_effects_toggle&quot;:0,&quot;profecient_mouse_effects_toggle&quot;:0}\" data-widget_type=\"button.default\">\n\t\t\t\t<div class=\"elementor-widget-container\">\n\t\t\t\t\t\t\t\t\t<div class=\"elementor-button-wrapper\">\n\t\t\t\t\t<a class=\"elementor-button elementor-button-link elementor-size-sm\" href=\"https:\/\/silfotball.no\/sportsplan\/12-arsklassen\">\n\t\t\t\t\t\t<span class=\"elementor-button-content-wrapper\">\n\t\t\t\t\t\t<span class=\"elementor-button-icon\">\n\t\t\t\t<i aria-hidden=\"true\" class=\"fas fa-arrow-left\"><\/i>\t\t\t<\/span>\n\t\t\t\t\t\t\t\t\t<span class=\"elementor-button-text\">12-\u00c5RSKLASSEN<\/span>\n\t\t\t\t\t<\/span>\n\t\t\t\t\t<\/a>\n\t\t\t\t<\/div>\n\t\t\t\t\t\t\t\t<\/div>\n\t\t\t\t<\/div>\n\t\t\t\t\t<\/div>\n\t\t<\/div>\n\t\t\t\t<div class=\"elementor-column elementor-col-50 elementor-top-column elementor-element elementor-element-7b1f63c\" data-id=\"7b1f63c\" data-element_type=\"column\" data-e-type=\"column\" data-settings=\"{&quot;profecient_background_motion_effects_toggle&quot;:0,&quot;profecient_custom_cursor_toggle&quot;:false,&quot;profecient_parallax_effects_toggle&quot;:0,&quot;profecient_mouse_effects_toggle&quot;:0}\">\n\t\t\t<div class=\"elementor-widget-wrap elementor-element-populated\">\n\t\t\t\t\t\t<div class=\"elementor-element elementor-element-c8ee656 elementor-align-right elementor-widget elementor-widget-button\" data-id=\"c8ee656\" data-element_type=\"widget\" data-e-type=\"widget\" data-settings=\"{&quot;profecient_custom_cursor_toggle&quot;:false,&quot;profecient_parallax_effects_toggle&quot;:0,&quot;profecient_mouse_effects_toggle&quot;:0}\" data-widget_type=\"button.default\">\n\t\t\t\t<div class=\"elementor-widget-container\">\n\t\t\t\t\t\t\t\t\t<div class=\"elementor-button-wrapper\">\n\t\t\t\t\t<a class=\"elementor-button elementor-button-link elementor-size-sm\" href=\"https:\/\/silfotball.no\/sportsplan\/13-arsklassen\">\n\t\t\t\t\t\t<span class=\"elementor-button-content-wrapper\">\n\t\t\t\t\t\t<span class=\"elementor-button-icon\">\n\t\t\t\t<i aria-hidden=\"true\" class=\"fas fa-arrow-right\"><\/i>\t\t\t<\/span>\n\t\t\t\t\t\t\t\t\t<span class=\"elementor-button-text\">13-\u00c5RSKLASSEN<\/span>\n\t\t\t\t\t<\/span>\n\t\t\t\t\t<\/a>\n\t\t\t\t<\/div>\n\t\t\t\t\t\t\t\t<\/div>\n\t\t\t\t<\/div>\n\t\t\t\t\t<\/div>\n\t\t<\/div>\n\t\t\t\t\t<\/div>\n\t\t<\/section>\n\t\t\t\t<\/div>\n\t\t","protected":false},"excerpt":{"rendered":"<p>Generelt M\u00f8te med spillere og foresatte Organisering og lagsammensetning Differensiering Hospitering \u00d8kte krav og forventninger til spillere Landslagsskolen &#8211; Uttak til Sonesamlinger Talentsamlinger Forhindre frafall Generelt Overgangen fra barne- til ungdomsfotballen kjennetegnes best ved at resultater og tabeller blir offentligjort. Selv om b\u00e5de trenere og spillere har et forhold til det \u00e5 vinne og tape [&hellip;]<\/p>\n","protected":false},"author":1,"featured_media":0,"parent":0,"menu_order":0,"comment_status":"closed","ping_status":"closed","template":"","meta":{"footnotes":""},"class_list":["post-1403","page","type-page","status-publish","hentry"],"_links":{"self":[{"href":"https:\/\/silfotball.no\/sportsplan\/wp-json\/wp\/v2\/pages\/1403","targetHints":{"allow":["GET"]}}],"collection":[{"href":"https:\/\/silfotball.no\/sportsplan\/wp-json\/wp\/v2\/pages"}],"about":[{"href":"https:\/\/silfotball.no\/sportsplan\/wp-json\/wp\/v2\/types\/page"}],"author":[{"embeddable":true,"href":"https:\/\/silfotball.no\/sportsplan\/wp-json\/wp\/v2\/users\/1"}],"replies":[{"embeddable":true,"href":"https:\/\/silfotball.no\/sportsplan\/wp-json\/wp\/v2\/comments?post=1403"}],"version-history":[{"count":61,"href":"https:\/\/silfotball.no\/sportsplan\/wp-json\/wp\/v2\/pages\/1403\/revisions"}],"predecessor-version":[{"id":3294,"href":"https:\/\/silfotball.no\/sportsplan\/wp-json\/wp\/v2\/pages\/1403\/revisions\/3294"}],"wp:attachment":[{"href":"https:\/\/silfotball.no\/sportsplan\/wp-json\/wp\/v2\/media?parent=1403"}],"curies":[{"name":"wp","href":"https:\/\/api.w.org\/{rel}","templated":true}]}}